{"id":161,"date":"2016-07-26T09:33:58","date_gmt":"2016-07-26T09:33:58","guid":{"rendered":"http:\/\/unser-steinheim.de\/home\/?page_id=161"},"modified":"2017-10-31T19:17:18","modified_gmt":"2017-10-31T19:17:18","slug":"presse-echo","status":"publish","type":"page","link":"https:\/\/unser-steinheim.de\/home\/presse-echo","title":{"rendered":"Presse-Echo"},"content":{"rendered":"<table width=\"641\">\n<tbody>\n<tr>\n<td width=\"641\"><img loading=\"lazy\" decoding=\"async\" class=\"alignleft wp-image-791 size-full\" src=\"http:\/\/unser-steinheim.de\/wp-content\/uploads\/logo_Giessener-Anzeiger.png\" alt=\"\" width=\"500\" height=\"90\" srcset=\"https:\/\/unser-steinheim.de\/wp-content\/uploads\/logo_Giessener-Anzeiger.png 500w, https:\/\/unser-steinheim.de\/wp-content\/uploads\/logo_Giessener-Anzeiger-300x54.png 300w\" sizes=\"auto, (max-width: 500px) 100vw, 500px\" \/><\/td>\n<\/tr>\n<tr>\n<td><img loading=\"lazy\" decoding=\"async\" class=\"alignleft size-full wp-image-792\" src=\"http:\/\/unser-steinheim.de\/wp-content\/uploads\/Foto-GA_1.jpg\" alt=\"\" width=\"722\" height=\"610\" srcset=\"https:\/\/unser-steinheim.de\/wp-content\/uploads\/Foto-GA_1.jpg 722w, https:\/\/unser-steinheim.de\/wp-content\/uploads\/Foto-GA_1-300x253.jpg 300w\" sizes=\"auto, (max-width: 722px) 100vw, 722px\" \/><\/td>\n<\/tr>\n<tr>\n<td><em class=\"info author\">Von Maximilian Wei\u00df<\/em><\/p>\n<p>STEINHEIM &#8211; Wir befinden uns in Steinheim. Aber nicht in Steinheim an der Donau oder Steinheim an der Murr, in Baden-W\u00fcrttemberg. Steinheim in Luxemburg ist zu weit weg und Steinheim-Hanau zwar n\u00e4her dran, aber immer noch nicht richtig. Der Trailer zu &#8222;Unser Steinheim&#8220; stimmt schon passend darauf ein: Gemeinden mit dem Namen gibt es viele, doch in diesem Film geht es einzig und allein um das Original am Wingertsberg.<\/p>\n<p>Um die Geschichte des Ortes, sowie die dort lebenden Menschen vorzustellen, sollte eine filmische Dokumentation erstellt werden. Vor zwei Jahren gab Thomas Kiehl-Fruh den Ansto\u00df dazu und fand mit Friedel Oberheim und Gunter Schmidt schnell begeisterte Unterst\u00fctzer. Zusammen werkelten und feilten sie an der Idee, bis ihnen klar wurde: f\u00fcr nur einen Film gibt es viel zu viel \u00fcber Steinheim zu erz\u00e4hlen. Daraufhin wurde noch eine eigene Homepage geschaffen, auf der weitere Informationen und Bilder wie Dokumente ver\u00f6ffentlicht wurden, die das Ausma\u00df des Videobeitrags gesprengt h\u00e4tten.<\/p>\n<p>Das Projekt tr\u00e4gt den Titel &#8222;Unser Steinheim&#8220; und wird von dem dreik\u00f6pfigen Team dahinter mit tatkr\u00e4ftiger Unterst\u00fctzung der Steinheimer seit rund anderthalb Jahren vorangetrieben.<\/td>\n<\/tr>\n<tr>\n<td><img loading=\"lazy\" decoding=\"async\" class=\"alignleft size-full wp-image-793\" src=\"http:\/\/unser-steinheim.de\/wp-content\/uploads\/Foto-GA_2.jpg\" alt=\"\" width=\"687\" height=\"516\" srcset=\"https:\/\/unser-steinheim.de\/wp-content\/uploads\/Foto-GA_2.jpg 687w, https:\/\/unser-steinheim.de\/wp-content\/uploads\/Foto-GA_2-300x225.jpg 300w\" sizes=\"auto, (max-width: 687px) 100vw, 687px\" \/><\/td>\n<\/tr>\n<tr>\n<td>Auf der Webseite finden sich schon allerlei interessante Beitr\u00e4ge rund um die Vergangenheit des Hungener Ortsteils. \u00dcberreste r\u00f6mischer Befestigungen belegen eine entsprechende Besiedlung, und der erste offizielle schriftliche Nachweis geht auf eine Zeit im fr\u00fchen zw\u00f6lften Jahrhundert zur\u00fcck. Alte Bilder und Fotografien sind dort ebenso zu finden wie die Vorschau auf die Filmdokumentation, die k\u00fcrzlich Premiere feierte. Rund 90 Minuten sollte der Beitrag lang sein, doch man h\u00e4tte noch mehrere Stunden mit Material f\u00fcllen k\u00f6nnen, wie Gunter Schmidt berichtet. Im Fr\u00fchsommer wurde ein Drehbuch erstellt und anschlie\u00dfend begannen die Aufnahmen, f\u00fcr die der filmaffine Thomas Kiehl-Fruh verantwortlich zeichnete und ebenso Schnitt und Vertonung \u00fcbernahm. In der Landschaft um den Ort herum, sowie in den Gassen und Stra\u00dfen wurde flei\u00dfig gefilmt und aufgezeichnet. In dem Beitrag wird es um die sch\u00f6ne Natur rund um die Gemeinde gehen sowie die abwechslungsreiche Historie und die Entwicklung des Dorfes im Wandel der Zeit.<\/p>\n<p>In einer Sequenz wird auch \u00fcber die Sage rund um eine geisterhafte wei\u00dfe Frau berichtet, die manche Steinheimer in der Vergangenheit gesehen haben wollen.<\/p>\n<p>Fehlen darf selbstverst\u00e4ndlich nicht das Jahr 2003, in dem Steinheim den Titel &#8222;Dolles Dorf&#8220; f\u00fcr sich gewinnen konnte. Den Wettbewerb hatte das hr-Fernsehen in diesem Jahr \u00fcbrigens zum ersten Mal abgehalten, womit sich die Gemeinde damit r\u00fchmen kann, das erste &#8222;Dolle Dorf&#8220; \u00fcberhaupt zu sein. Vor allem soll es in dem Film aber um die Menschen in und aus Steinheim gehen. Anwohner, die besondere Hobbys pflegen, Veranstaltungen wie Kirmes und die Arbeit der vielen Vereine im Ort, die sich auch auf der Homepage der Projektgruppe vorstellen k\u00f6nnen. Hinzu kommen Geschichten und Interviews von Einwohnern und Zeitzeugen und noch vieles mehr.<\/p>\n<p>Zus\u00e4tzlich zu dem Film ist eine Pr\u00e4sentation mit Bildern und Dokumenten aus Steinheim, die teilweise bis zu \u00fcber einhundert Jahren alt sind, entstanden. Begeistert von dem Vorhaben hatten viele Steinheimer Fotografien und Texte aus privater Hand zur Verf\u00fcgung gestellt. Diese wurden vorsichtig und sorgf\u00e4ltig kopiert und anschlie\u00dfend zur\u00fcckgegeben. Daraus ist nun eine vielseitige und abwechslungsreiche Dokumentation entstanden, in dem sich der eine oder andere Anwohner bestimmt wiedererkennt.<\/td>\n<\/tr>\n<\/tbody>\n<\/table>\n<hr \/>\n<p>&nbsp;<\/p>\n<p>&nbsp;<\/p>\n<p><img loading=\"lazy\" decoding=\"async\" class=\"alignnone size-full wp-image-176\" src=\"http:\/\/unser-steinheim.de\/wp-content\/uploads\/Zeitungsausschnitt-Hungener-Wochenblatt-Juli-2016_web.jpg\" alt=\"Zeitungsausschnitt-Hungener-Wochenblatt,-Juli-2016_web\" width=\"800\" height=\"1983\" srcset=\"https:\/\/unser-steinheim.de\/wp-content\/uploads\/Zeitungsausschnitt-Hungener-Wochenblatt-Juli-2016_web.jpg 800w, https:\/\/unser-steinheim.de\/wp-content\/uploads\/Zeitungsausschnitt-Hungener-Wochenblatt-Juli-2016_web-121x300.jpg 121w, https:\/\/unser-steinheim.de\/wp-content\/uploads\/Zeitungsausschnitt-Hungener-Wochenblatt-Juli-2016_web-413x1024.jpg 413w\" sizes=\"auto, (max-width: 767px) 89vw, (max-width: 1000px) 54vw, (max-width: 1071px) 543px, 580px\" \/><\/p>\n<p>&nbsp;<\/p>\n<p>Artikel Giessener Allgemeine vom 26.7.2016<\/p>\n<p><img loading=\"lazy\" decoding=\"async\" class=\"alignnone size-full wp-image-168\" src=\"http:\/\/unser-steinheim.de\/wp-content\/uploads\/Artikel-Giessener-Allgemeine-26.Juli_2016_web2.jpg\" alt=\"Artikel-Giessener-Allgemeine-26.Juli_2016_web2\" width=\"1000\" height=\"982\" srcset=\"https:\/\/unser-steinheim.de\/wp-content\/uploads\/Artikel-Giessener-Allgemeine-26.Juli_2016_web2.jpg 1000w, https:\/\/unser-steinheim.de\/wp-content\/uploads\/Artikel-Giessener-Allgemeine-26.Juli_2016_web2-300x295.jpg 300w, https:\/\/unser-steinheim.de\/wp-content\/uploads\/Artikel-Giessener-Allgemeine-26.Juli_2016_web2-60x60.jpg 60w\" sizes=\"auto, (max-width: 767px) 89vw, (max-width: 1000px) 54vw, (max-width: 1071px) 543px, 580px\" \/><\/p>\n<p>&nbsp;<\/p>\n<p>Artikel Giessener Anzeiger vom 26.7.2016<\/p>\n<p><img loading=\"lazy\" decoding=\"async\" class=\"alignnone size-full wp-image-169\" src=\"http:\/\/unser-steinheim.de\/wp-content\/uploads\/Artikel-Giessener-Anzeiger_26.Juli_2016_web2.jpg\" alt=\"Artikel-Giessener-Anzeiger_26.Juli_2016_web2\" width=\"1000\" height=\"567\" srcset=\"https:\/\/unser-steinheim.de\/wp-content\/uploads\/Artikel-Giessener-Anzeiger_26.Juli_2016_web2.jpg 1000w, https:\/\/unser-steinheim.de\/wp-content\/uploads\/Artikel-Giessener-Anzeiger_26.Juli_2016_web2-300x170.jpg 300w\" sizes=\"auto, (max-width: 767px) 89vw, (max-width: 1000px) 54vw, (max-width: 1071px) 543px, 580px\" \/><\/p>\n<h1>Steinheimer wollen Dorfgeschehen auf Film pr\u00e4sentieren<\/h1>\n<p>STEINHEIM &#8211; (red). Der Ausbau der Hessenstra\u00dfe vor zwei Jahren gab Thomas Kiehl-Fruh den Ansto\u00df zu einem Zeitrafferfilm \u00fcber diesen Stra\u00dfenbau. Friedel Oberheim war begeistert und so entwickelte sich die Idee f\u00fcr ein Video \u00fcber Steinheim.<\/p>\n<p>Inzwischen besteht ein kleines Redaktionsteam aus Friedel Oberheim, Gunter Schmidt und Thomas Kiehl-Fruh. Erste Aufnahmen f\u00fcr das Portr\u00e4t Steinheims sind schon &#8222;im Kasten&#8220; und eine erg\u00e4nzende Homepage ist unter www.unser-steinheim.de zu finden.<\/p>\n<p>Wie Gunter Schmidt erkl\u00e4rte, sein als weiteres Vorhaben eine Bild- und Filmdokumentation \u00fcber Steinheim geplant. Die Dokumentation solle Steinheim, seine H\u00e4user und Stra\u00dfen und besonders auch seine Menschen zeigen. Dabei wolle man nicht nur das Leben und Arbeiten in der Vergangenheit zeigen, auch die heutigen Ereignisse sollten dargestellt werden. &#8222;Dieses Vorhaben k\u00f6nnen nat\u00fcrlich drei Menschen nicht allein bew\u00e4ltigen. Sie brauchen Unterst\u00fctzung von vielen, die ihre Fotografien, Bilder, Filme oder andere Zeugnisse zur Verf\u00fcgung stellen. Diese werden kopiert und dann wieder zur\u00fcckgegeben&#8220;, so Schmidt.<\/p>\n<p>Alle Steinheimer, fr\u00fchere Steinheimer und andere, die mit Unterlagen, Fotos oder Filmen helfen k\u00f6nnen, werden gebeten, diese auszuleihen und die drei Initiatoren zu unterst\u00fctzen: Thomas Kiehl-Fruh (06402\/504933), Friedel Oberheim (06402\/2851), Gunter Schmidt (06402\/5017).<\/p>\n<p>Gunter Schmidt ist \u00fcbrigens gleich mit gutem Beispiel vorangegangen. Er hat uns das nebenstehende Foto zur Verf\u00fcgung gestellt: &#8222;Das Bild zeigt die Familie meines Gro\u00dfvaters Theodor Schmidt I. zusammen mit Nachbarskindern vor ihrem Haus in der Mittelgasse 13. Das Foto stammt aus den 20-er Jahren des vorigen Jahrhunderts. Das abgebildete Haus wird in diesem Jahr 400 Jahre alt.&#8220;<\/p>\n<p><a href=\"http:\/\/www.giessener-anzeiger.de\/lokales\/kreis-giessen\/hungen\/steinheimer-wollen-dorfgeschehen-auf-film-praesentieren_17120368.htm\">http:\/\/www.giessener-anzeiger.de\/lokales\/kreis-giessen\/hungen\/steinheimer-wollen-dorfgeschehen-auf-film-praesentieren_17120368.htm<\/a><\/p>\n<p>&nbsp;<\/p>\n","protected":false},"excerpt":{"rendered":"<p>Von Maximilian Wei\u00df STEINHEIM &#8211; Wir befinden uns in Steinheim. Aber nicht in Steinheim an der Donau oder Steinheim an der Murr, in Baden-W\u00fcrttemberg. Steinheim in Luxemburg ist zu weit weg und Steinheim-Hanau zwar n\u00e4her dran, aber immer noch nicht richtig. Der Trailer zu &#8222;Unser Steinheim&#8220; stimmt schon passend darauf ein: Gemeinden mit dem Namen &hellip; <\/p>\n<p class=\"link-more\"><a href=\"https:\/\/unser-steinheim.de\/home\/presse-echo\" class=\"more-link\"><span class=\"screen-reader-text\">\u201ePresse-Echo\u201c<\/span> weiterlesen<\/a><\/p>\n","protected":false},"author":1,"featured_media":0,"parent":0,"menu_order":0,"comment_status":"closed","ping_status":"closed","template":"","meta":{"footnotes":""},"class_list":["post-161","page","type-page","status-publish","hentry"],"_links":{"self":[{"href":"https:\/\/unser-steinheim.de\/home\/wp-json\/wp\/v2\/pages\/161","targetHints":{"allow":["GET"]}}],"collection":[{"href":"https:\/\/unser-steinheim.de\/home\/wp-json\/wp\/v2\/pages"}],"about":[{"href":"https:\/\/unser-steinheim.de\/home\/wp-json\/wp\/v2\/types\/page"}],"author":[{"embeddable":true,"href":"https:\/\/unser-steinheim.de\/home\/wp-json\/wp\/v2\/users\/1"}],"replies":[{"embeddable":true,"href":"https:\/\/unser-steinheim.de\/home\/wp-json\/wp\/v2\/comments?post=161"}],"version-history":[{"count":12,"href":"https:\/\/unser-steinheim.de\/home\/wp-json\/wp\/v2\/pages\/161\/revisions"}],"predecessor-version":[{"id":166,"href":"https:\/\/unser-steinheim.de\/home\/wp-json\/wp\/v2\/pages\/161\/revisions\/166"}],"wp:attachment":[{"href":"https:\/\/unser-steinheim.de\/home\/wp-json\/wp\/v2\/media?parent=161"}],"curies":[{"name":"wp","href":"https:\/\/api.w.org\/{rel}","templated":true}]}}