{"id":18,"date":"2016-05-24T18:00:35","date_gmt":"2016-05-24T18:00:35","guid":{"rendered":"http:\/\/unser-steinheim.de\/?page_id=18"},"modified":"2023-10-25T09:06:38","modified_gmt":"2023-10-25T09:06:38","slug":"kontakt-impressum","status":"publish","type":"page","link":"https:\/\/unser-steinheim.de\/home\/kontakt-impressum","title":{"rendered":"Kontakt &#038; Impressum"},"content":{"rendered":"<p>Das Projekt-Team &#8222;Unser Steinheim&#8220;<\/p>\n<table style=\"border-collapse: collapse; width: 838px; height: 679px;\" border=\"0\" width=\"160\" cellspacing=\"0\" cellpadding=\"0\">\n<colgroup>\n<col style=\"width: 60pt;\" span=\"2\" width=\"80\" \/> <\/colgroup>\n<tbody>\n<tr style=\"height: 12.75pt;\">\n<td style=\"height: 12.75pt; width: 60pt;\" width=\"80\" height=\"17\"><img loading=\"lazy\" decoding=\"async\" class=\"alignleft wp-image-816 size-full\" src=\"http:\/\/unser-steinheim.de\/wp-content\/uploads\/Friedel-kontakt.jpg\" alt=\"\" width=\"200\" height=\"198\" srcset=\"https:\/\/unser-steinheim.de\/wp-content\/uploads\/Friedel-kontakt.jpg 200w, https:\/\/unser-steinheim.de\/wp-content\/uploads\/Friedel-kontakt-150x150.jpg 150w, https:\/\/unser-steinheim.de\/wp-content\/uploads\/Friedel-kontakt-100x100.jpg 100w\" sizes=\"auto, (max-width: 200px) 100vw, 200px\" \/><\/td>\n<td style=\"width: 60pt;\" width=\"80\">\u00a0\u00a0 Friedel Oberheim | (06402) 2851 | <a href=\"mailto:Friedel.Oberheim@gmx.de\">Friedel.Oberheim@gmx.de<\/a><\/td>\n<\/tr>\n<tr style=\"height: 12.75pt;\">\n<td style=\"height: 12.75pt;\" height=\"17\"><\/td>\n<td><\/td>\n<\/tr>\n<tr style=\"height: 12.75pt;\">\n<td style=\"height: 12.75pt;\" height=\"17\">\u00a0<img loading=\"lazy\" decoding=\"async\" class=\"alignleft size-full wp-image-817\" src=\"http:\/\/unser-steinheim.de\/wp-content\/uploads\/Gunter_kontakt.jpg\" alt=\"\" width=\"200\" height=\"198\" srcset=\"https:\/\/unser-steinheim.de\/wp-content\/uploads\/Gunter_kontakt.jpg 200w, https:\/\/unser-steinheim.de\/wp-content\/uploads\/Gunter_kontakt-150x150.jpg 150w, https:\/\/unser-steinheim.de\/wp-content\/uploads\/Gunter_kontakt-100x100.jpg 100w\" sizes=\"auto, (max-width: 200px) 100vw, 200px\" \/><\/td>\n<td>\u00a0Gunter Schmidt | (06402) 5 01 70 | <a href=\"mailto:schmidtgunter@t-online.de\">schmidtgunter@t-online.de<\/a><\/td>\n<\/tr>\n<tr style=\"height: 12.75pt;\">\n<td style=\"height: 12.75pt;\" height=\"17\"><\/td>\n<td><\/td>\n<\/tr>\n<tr style=\"height: 12.75pt;\">\n<td style=\"height: 12.75pt;\" height=\"17\"><img loading=\"lazy\" decoding=\"async\" class=\"alignleft size-full wp-image-815\" src=\"http:\/\/unser-steinheim.de\/wp-content\/uploads\/TKF_kontakt.jpg\" alt=\"\" width=\"200\" height=\"198\" srcset=\"https:\/\/unser-steinheim.de\/wp-content\/uploads\/TKF_kontakt.jpg 200w, https:\/\/unser-steinheim.de\/wp-content\/uploads\/TKF_kontakt-150x150.jpg 150w, https:\/\/unser-steinheim.de\/wp-content\/uploads\/TKF_kontakt-100x100.jpg 100w\" sizes=\"auto, (max-width: 200px) 100vw, 200px\" \/><\/td>\n<td>\u00a0Thomas Kiehl-Fruh | +49 160 737 18 65 | <a href=\"mailto:mail@kiehl-fruh.de\">mail@kiehl-fruh.de<\/a><\/td>\n<\/tr>\n<\/tbody>\n<\/table>\n<h1>Impressum<\/h1>\n<h6>Angaben gem\u00e4\u00df \u00a7 5 TMG:<\/h6>\n<p>Thomas Kiehl-Fruh<br \/>\nEichacker 6, 4633 Hauenstein, Schweiz<\/p>\n<h6>Kontakt:<\/h6>\n<table>\n<tbody>\n<tr>\n<td>Telefon:<\/td>\n<td>+49 160 737 18 65<\/td>\n<\/tr>\n<tr>\n<td>E-Mail:<\/td>\n<td><a href=\"mailto:mail@kiehl-fruh.de\">mail@kiehl-fruh.de<\/a><\/td>\n<\/tr>\n<\/tbody>\n<\/table>\n<h6>Verantwortlich f\u00fcr den Inhalt nach \u00a7 55 Abs. 2 RStV:<\/h6>\n<p>Thomas Kiehl-Fruh<br \/>\nEichacker 6, 4633 Hauenstein, Schweiz<\/p>\n<p>Quelle: <em><a href=\"https:\/\/www.e-recht24.de\">https:\/\/www.e-recht24.de<\/a><\/em><\/p>\n<h1><\/h1>\n<h1>Haftungsausschluss (Disclaimer)<\/h1>\n<h2>Haftung f\u00fcr Inhalte<\/h2>\n<p>Als Diensteanbieter sind wir gem\u00e4\u00df \u00a7 7 Abs.1 TMG f\u00fcr eigene Inhalte auf diesen Seiten nach den allgemeinen Gesetzen verantwortlich. Nach \u00a7\u00a7 8 bis 10 TMG sind wir als Diensteanbieter jedoch nicht verpflichtet, \u00fcbermittelte oder gespeicherte fremde Informationen zu \u00fcberwachen oder nach Umst\u00e4nden zu forschen, die auf eine rechtswidrige T\u00e4tigkeit hinweisen.<\/p>\n<p>Verpflichtungen zur Entfernung oder Sperrung der Nutzung von Informationen nach den allgemeinen Gesetzen bleiben hiervon unber\u00fchrt. Eine diesbez\u00fcgliche Haftung ist jedoch erst ab dem Zeitpunkt der Kenntnis einer konkreten Rechtsverletzung m\u00f6glich. Bei Bekanntwerden von entsprechenden Rechtsverletzungen werden wir diese Inhalte umgehend entfernen.<\/p>\n<h2>Haftung f\u00fcr Links<\/h2>\n<p>Unser Angebot enth\u00e4lt Links zu externen Webseiten Dritter, auf deren Inhalte wir keinen Einfluss haben. Deshalb k\u00f6nnen wir f\u00fcr diese fremden Inhalte auch keine Gew\u00e4hr \u00fcbernehmen. F\u00fcr die Inhalte der verlinkten Seiten ist stets der jeweilige Anbieter oder Betreiber der Seiten verantwortlich. Die verlinkten Seiten wurden zum Zeitpunkt der Verlinkung auf m\u00f6gliche Rechtsverst\u00f6\u00dfe \u00fcberpr\u00fcft. Rechtswidrige Inhalte waren zum Zeitpunkt der Verlinkung nicht erkennbar.<\/p>\n<p>Eine permanente inhaltliche Kontrolle der verlinkten Seiten ist jedoch ohne konkrete Anhaltspunkte einer Rechtsverletzung nicht zumutbar. Bei Bekanntwerden von Rechtsverletzungen werden wir derartige Links umgehend entfernen.<\/p>\n<h2>Urheberrecht<\/h2>\n<p>Die durch die Seitenbetreiber erstellten Inhalte und Werke auf diesen Seiten unterliegen dem deutschen Urheberrecht. Die Vervielf\u00e4ltigung, Bearbeitung, Verbreitung und jede Art der Verwertung au\u00dferhalb der Grenzen des Urheberrechtes bed\u00fcrfen der schriftlichen Zustimmung des jeweiligen Autors bzw. Erstellers. Downloads und Kopien dieser Seite sind nur f\u00fcr den privaten, nicht kommerziellen Gebrauch gestattet.<\/p>\n<p>Soweit die Inhalte auf dieser Seite nicht vom Betreiber erstellt wurden, werden die Urheberrechte Dritter beachtet. Insbesondere werden Inhalte Dritter als solche gekennzeichnet. Sollten Sie trotzdem auf eine Urheberrechtsverletzung aufmerksam werden, bitten wir um einen entsprechenden Hinweis. Bei Bekanntwerden von Rechtsverletzungen werden wir derartige Inhalte umgehend entfernen.<\/p>\n<h1>Datenschutzerkl\u00e4rung<\/h1>\n<h2>Datenschutz<\/h2>\n<p>Die Betreiber dieser Seiten nehmen den Schutz Ihrer pers\u00f6nlichen Daten sehr ernst. Wir behandeln Ihre personenbezogenen Daten vertraulich und entsprechend der gesetzlichen Datenschutzvorschriften sowie dieser Datenschutzerkl\u00e4rung.<\/p>\n<p>Die Nutzung unserer Webseite ist in der Regel ohne Angabe personenbezogener Daten m\u00f6glich. Soweit auf unseren Seiten personenbezogene Daten (beispielsweise Name, Anschrift oder E-Mail-Adressen) erhoben werden, erfolgt dies, soweit m\u00f6glich, stets auf freiwilliger Basis. Diese Daten werden ohne Ihre ausdr\u00fcckliche Zustimmung nicht an Dritte weitergegeben.<\/p>\n<p>Wir weisen darauf hin, dass die Daten\u00fcbertragung im Internet (z.B. bei der Kommunikation per E-Mail) Sicherheitsl\u00fccken aufweisen kann. Ein l\u00fcckenloser Schutz der Daten vor dem Zugriff durch Dritte ist nicht m\u00f6glich.<\/p>\n<h2>Kommentarfunktion auf dieser Webseite<\/h2>\n<p>F\u00fcr die Kommentarfunktion auf dieser Seite werden neben Ihrem Kommentar auch Angaben zum Zeitpunkt der Erstellung des Kommentars, Ihre E-Mail-Adresse und, wenn Sie nicht anonym posten, der von Ihnen gew\u00e4hlte Nutzername gespeichert.<\/p>\n<p><strong>Speicherung der IP Adresse<\/strong><\/p>\n<p>Unsere Kommentarfunktion speichert die IP-Adressen der Nutzer, die Kommentare verfassen. Da wir Kommentare auf unserer Seite nicht vor der Freischaltung pr\u00fcfen, ben\u00f6tigen wir diese Daten, um im Falle von Rechtsverletzungen wie Beleidigungen oder Propaganda gegen den Verfasser vorgehen zu k\u00f6nnen.<\/p>\n","protected":false},"excerpt":{"rendered":"<p>Das Projekt-Team &#8222;Unser Steinheim&#8220; \u00a0\u00a0 Friedel Oberheim | (06402) 2851 | Friedel.Oberheim@gmx.de \u00a0 \u00a0Gunter Schmidt | (06402) 5 01 70 | schmidtgunter@t-online.de \u00a0Thomas Kiehl-Fruh | +49 160 737 18 65 | mail@kiehl-fruh.de Impressum Angaben gem\u00e4\u00df \u00a7 5 TMG: Thomas Kiehl-Fruh Eichacker 6, 4633 Hauenstein, Schweiz Kontakt: Telefon: +49 160 737 18 65 E-Mail: mail@kiehl-fruh.de Verantwortlich &hellip; <\/p>\n<p class=\"link-more\"><a href=\"https:\/\/unser-steinheim.de\/home\/kontakt-impressum\" class=\"more-link\"><span class=\"screen-reader-text\">\u201eKontakt &#038; Impressum\u201c<\/span> weiterlesen<\/a><\/p>\n","protected":false},"author":1,"featured_media":0,"parent":0,"menu_order":0,"comment_status":"closed","ping_status":"closed","template":"","meta":{"footnotes":""},"class_list":["post-18","page","type-page","status-publish","hentry"],"_links":{"self":[{"href":"https:\/\/unser-steinheim.de\/home\/wp-json\/wp\/v2\/pages\/18","targetHints":{"allow":["GET"]}}],"collection":[{"href":"https:\/\/unser-steinheim.de\/home\/wp-json\/wp\/v2\/pages"}],"about":[{"href":"https:\/\/unser-steinheim.de\/home\/wp-json\/wp\/v2\/types\/page"}],"author":[{"embeddable":true,"href":"https:\/\/unser-steinheim.de\/home\/wp-json\/wp\/v2\/users\/1"}],"replies":[{"embeddable":true,"href":"https:\/\/unser-steinheim.de\/home\/wp-json\/wp\/v2\/comments?post=18"}],"version-history":[{"count":23,"href":"https:\/\/unser-steinheim.de\/home\/wp-json\/wp\/v2\/pages\/18\/revisions"}],"predecessor-version":[{"id":1560,"href":"https:\/\/unser-steinheim.de\/home\/wp-json\/wp\/v2\/pages\/18\/revisions\/1560"}],"wp:attachment":[{"href":"https:\/\/unser-steinheim.de\/home\/wp-json\/wp\/v2\/media?parent=18"}],"curies":[{"name":"wp","href":"https:\/\/api.w.org\/{rel}","templated":true}]}}