{"id":498,"date":"2017-02-20T17:46:44","date_gmt":"2017-02-20T17:46:44","guid":{"rendered":"http:\/\/unser-steinheim.de\/home\/?page_id=498"},"modified":"2017-03-18T16:07:02","modified_gmt":"2017-03-18T16:07:02","slug":"geschichte-steinheims-in-stichworten","status":"publish","type":"page","link":"https:\/\/unser-steinheim.de\/home\/geschichte-steinheims-in-stichworten","title":{"rendered":"Geschichte Steinheims in Stichworten"},"content":{"rendered":"<table width=\"792\">\n<tbody>\n<tr>\n<td width=\"792\"><strong>R\u00f6mische Zeit<br \/>\n<\/strong>Eine Besiedlung in r\u00f6mischer Zeit belegen Reste r\u00f6mischer Befestigungen und Flurbezeichnungen, die bis heute erhalten sind. Die Namen Palm\u00e4rt (Pfahlmarkt) und Polst\u00fccker (Pfahlst\u00fccke) beziehen sich auf die rechts der Stra\u00dfe nach Unter-Widdersheim gelegene Erhebung, \u00fcber die sich der Limes zog. Es liegt nahe, dass sich dort eine Kontaktstelle mit den r\u00f6mischen Besatzern befand.<\/td>\n<\/tr>\n<tr>\n<td><\/td>\n<\/tr>\n<tr>\n<td><strong>Erste urkundliche Erw\u00e4hnung<\/strong><br \/>\nDer erste schriftliche Nachweis \u00fcber Steinheim findet sich in einem Besitzverzeichnis des Erzbischofs Adalbert von Mainz. Dort ist die Rede von Besitzg\u00fctern in Netze, M\u00fcnster und Steinheim, die ein Herr Hugo dem Erzbischof gegeben hatte. Da Erzbischof Adalbert 1137 starb, muss das Verzeichnis sp\u00e4testens in diesem Jahr erstellt worden sein.<\/td>\n<\/tr>\n<tr>\n<td><\/td>\n<\/tr>\n<tr>\n<td><strong>Mittelalter<\/strong><br \/>\nDer Bau des Kirchturms der Katharinenkapelle fand um die Mitte des 15. Jahrhunderts statt. 1492 wurde die noch heute h\u00e4ngende Glocke mit Namen &#8222;Cyriakus&#8220; gegossen.<\/td>\n<\/tr>\n<tr>\n<td><img loading=\"lazy\" decoding=\"async\" class=\"alignleft size-full wp-image-503\" src=\"http:\/\/unser-steinheim.de\/wp-content\/uploads\/Katharinenkapelle_aus-Festschrift-1953.jp_.jpg\" alt=\"\" width=\"500\" height=\"633\" srcset=\"https:\/\/unser-steinheim.de\/wp-content\/uploads\/Katharinenkapelle_aus-Festschrift-1953.jp_.jpg 500w, https:\/\/unser-steinheim.de\/wp-content\/uploads\/Katharinenkapelle_aus-Festschrift-1953.jp_-237x300.jpg 237w\" sizes=\"auto, (max-width: 500px) 100vw, 500px\" \/><\/td>\n<\/tr>\n<tr>\n<td><\/td>\n<\/tr>\n<tr>\n<td><strong>30-j\u00e4hriger Krieg<\/strong><br \/>\nSteinheim verlor mehr als die H\u00e4lfte seiner Bev\u00f6lkerung, die zeitweise nach Nidda fl\u00fcchten musste. Das \u00e4lteste Fachwerkhaus aus dem Jahre 1666 (Mittelgasse 13) stammt noch aus der Phase des Wiederaufbaus nach dem Krieg.<\/td>\n<\/tr>\n<tr>\n<td><\/td>\n<\/tr>\n<tr>\n<td><strong>Schulgeb\u00e4ude<\/strong><br \/>\n1787 wurde in der Mittelgasse 1 das erste Schulgeb\u00e4ude errichtet, in das 1788 der Lehrer Johann Henrich Triebert einzog. Etwa 60 Jahre sp\u00e4ter wurde das zweite Schulhaus an der Ecke Bruchweg\/Hessenstra\u00dfe errichtet. Doch auch dieses Geb\u00e4ude erwies sich als zu klein. Am 16. September 1914 erfolgte die Er\u00f6ffnung des gro\u00dfen Schulgeb\u00e4udes in der B\u00fcrgerhausstra\u00dfe, das den Steinheimern heute als B\u00fcrgerhaus dient.<\/td>\n<\/tr>\n<tr>\n<td><img loading=\"lazy\" decoding=\"async\" class=\"alignleft size-full wp-image-502\" src=\"http:\/\/unser-steinheim.de\/wp-content\/uploads\/Alte-Schule.jpg\" alt=\"\" width=\"700\" height=\"477\" srcset=\"https:\/\/unser-steinheim.de\/wp-content\/uploads\/Alte-Schule.jpg 700w, https:\/\/unser-steinheim.de\/wp-content\/uploads\/Alte-Schule-300x204.jpg 300w\" sizes=\"auto, (max-width: 700px) 100vw, 700px\" \/><\/td>\n<\/tr>\n<tr>\n<td><\/td>\n<\/tr>\n<tr>\n<td><strong>Spritzenhaus<\/strong><br \/>\n1818 wurde ein erstes Spritzenhaus neben dem Haus Mittelgasse 13 errichtet. Dieses Geb\u00e4ude wurde 1920 abgerissen. Im Jahr 1949 weihte man das neue Feuerwehrger\u00e4tehaus ein, das auch als Rathaus diente und in dem ein Backofen eingebaut war, der noch heute genutzt wird.<\/td>\n<\/tr>\n<tr>\n<td><\/td>\n<\/tr>\n<tr>\n<td>\u00a0<img loading=\"lazy\" decoding=\"async\" class=\"size-full wp-image-507\" src=\"http:\/\/unser-steinheim.de\/wp-content\/uploads\/Neue-Fahrt-Heinrich-Schneider.jpg\" alt=\"\" width=\"700\" height=\"430\" srcset=\"https:\/\/unser-steinheim.de\/wp-content\/uploads\/Neue-Fahrt-Heinrich-Schneider.jpg 700w, https:\/\/unser-steinheim.de\/wp-content\/uploads\/Neue-Fahrt-Heinrich-Schneider-300x184.jpg 300w\" sizes=\"auto, (max-width: 700px) 100vw, 700px\" \/><\/td>\n<\/tr>\n<tr>\n<td><\/td>\n<\/tr>\n<tr>\n<td><strong>Kirche<\/strong><br \/>\nBis Anfang der 60er Jahre stand noch die alte Kirche, ein als Lager genutzter Fachwerkbau. Leider wurde dieser Kirchenbau mit umlaufender Empore &#8211; dem Zeitgeist entsprechend &#8211; abgerissen und durch einen Steinbau ersetzt. Nach Jahrzehnten ohne funktionsf\u00e4hige Kirche, in denen die Steinheimer nach Rodheim fahren mussten, fand 1964 endlich die Wiedereinweihung der Katharinenkapelle statt. Seitdem k\u00f6nnen Taufen, Hochzeiten und Gottesdienste wieder in Steinheim gefeiert werden.<\/td>\n<\/tr>\n<tr>\n<td><\/td>\n<\/tr>\n<tr>\n<td><\/td>\n<\/tr>\n<tr>\n<td><\/td>\n<\/tr>\n<tr>\n<td><\/td>\n<\/tr>\n<\/tbody>\n<\/table>\n<table width=\"872\">\n<tbody>\n<tr>\n<td width=\"80\">\u00a01952<\/td>\n<td width=\"792\">Bau einer Wasserleitung<\/td>\n<\/tr>\n<tr>\n<td>\u00a01953<\/td>\n<td>Einweihung des Wasserhauses auf dem Kaltenrain<\/td>\n<\/tr>\n<tr>\n<td>\u00a01959<\/td>\n<td>Bau einer Kanalisation<\/td>\n<\/tr>\n<tr>\n<td>\u00a01960<\/td>\n<td>Die Ortsdurchfahrt wird geteert<\/td>\n<\/tr>\n<tr>\n<td>\u00a01963<\/td>\n<td>Errichtung des Ehrenmals auf dem Friedhof<\/td>\n<\/tr>\n<tr>\n<td><\/td>\n<td>Tatkr\u00e4ftige Steinheimer bauen in Eigenhilfe den noch heute bestehenden Spielplatz<\/td>\n<\/tr>\n<tr>\n<td><\/td>\n<td>Bau einer Gemeinschaftsgefrieranlage (heute S\u00e4ngerheim)<\/td>\n<\/tr>\n<tr>\n<td>\u00a01967<\/td>\n<td>Der Sportplatz wird er\u00f6ffnet<\/td>\n<\/tr>\n<tr>\n<td>\u00a01971<\/td>\n<td>Gebietsreform in Hessen:<br \/>\nam 1. Januar 1971 wird Steinheim in die Stadt Hungen eingemeindet<\/td>\n<\/tr>\n<tr>\n<td>\u00a01972<\/td>\n<td>Errichten des Sportlerheims mit Sanit\u00e4ranlagen<\/td>\n<\/tr>\n<tr>\n<td>\u00a01998<\/td>\n<td>Umbau der Gemeinschaftsgefrieranlage zum S\u00e4ngerheim<\/td>\n<\/tr>\n<tr>\n<td>\u00a02003<\/td>\n<td>Steinheim wird &#8222;Dollstes Dorf&#8220; Hessens<\/td>\n<\/tr>\n<tr>\n<td><\/td>\n<td><\/td>\n<\/tr>\n<tr>\n<td><\/td>\n<td><strong>Mehr Geschichts-Informationen zu Steinheim:<\/strong><\/td>\n<\/tr>\n<tr>\n<td><\/td>\n<td>Auf der Seite der FFW Steinheim:<br \/>\n<a href=\"http:\/\/www.ff-steinheim.de\/ueber_steinheim.htm\">http:\/\/www.ff-steinheim.de\/ueber_steinheim.htm<\/a><\/td>\n<\/tr>\n<tr>\n<td><\/td>\n<td>Geschichte Steinheims<br \/>\n<a href=\"http:\/\/unser-steinheim.de\/wp-content\/uploads\/Auszug-Geschichte-Steinheims-aus-Festschrift-von-1953.pdf\">Auszug aus der Festschrift 1953 des Gesangverein &#8222;Frohsinn&#8220;<\/a><\/td>\n<\/tr>\n<tr>\n<td><\/td>\n<td><\/td>\n<\/tr>\n<tr>\n<td><\/td>\n<td><\/td>\n<\/tr>\n<tr>\n<td><\/td>\n<td><\/td>\n<\/tr>\n<tr>\n<td><\/td>\n<td><\/td>\n<\/tr>\n<tr>\n<td><\/td>\n<td><\/td>\n<\/tr>\n<\/tbody>\n<\/table>\n<p>&nbsp;<\/p>\n<p>&nbsp;<\/p>\n","protected":false},"excerpt":{"rendered":"<p>R\u00f6mische Zeit Eine Besiedlung in r\u00f6mischer Zeit belegen Reste r\u00f6mischer Befestigungen und Flurbezeichnungen, die bis heute erhalten sind. Die Namen Palm\u00e4rt (Pfahlmarkt) und Polst\u00fccker (Pfahlst\u00fccke) beziehen sich auf die rechts der Stra\u00dfe nach Unter-Widdersheim gelegene Erhebung, \u00fcber die sich der Limes zog. Es liegt nahe, dass sich dort eine Kontaktstelle mit den r\u00f6mischen Besatzern befand. &hellip; <\/p>\n<p class=\"link-more\"><a href=\"https:\/\/unser-steinheim.de\/home\/geschichte-steinheims-in-stichworten\" class=\"more-link\"><span class=\"screen-reader-text\">\u201eGeschichte Steinheims in Stichworten\u201c<\/span> weiterlesen<\/a><\/p>\n","protected":false},"author":1,"featured_media":0,"parent":0,"menu_order":0,"comment_status":"closed","ping_status":"closed","template":"","meta":{"footnotes":""},"class_list":["post-498","page","type-page","status-publish","hentry"],"_links":{"self":[{"href":"https:\/\/unser-steinheim.de\/home\/wp-json\/wp\/v2\/pages\/498","targetHints":{"allow":["GET"]}}],"collection":[{"href":"https:\/\/unser-steinheim.de\/home\/wp-json\/wp\/v2\/pages"}],"about":[{"href":"https:\/\/unser-steinheim.de\/home\/wp-json\/wp\/v2\/types\/page"}],"author":[{"embeddable":true,"href":"https:\/\/unser-steinheim.de\/home\/wp-json\/wp\/v2\/users\/1"}],"replies":[{"embeddable":true,"href":"https:\/\/unser-steinheim.de\/home\/wp-json\/wp\/v2\/comments?post=498"}],"version-history":[{"count":11,"href":"https:\/\/unser-steinheim.de\/home\/wp-json\/wp\/v2\/pages\/498\/revisions"}],"predecessor-version":[{"id":553,"href":"https:\/\/unser-steinheim.de\/home\/wp-json\/wp\/v2\/pages\/498\/revisions\/553"}],"wp:attachment":[{"href":"https:\/\/unser-steinheim.de\/home\/wp-json\/wp\/v2\/media?parent=498"}],"curies":[{"name":"wp","href":"https:\/\/api.w.org\/{rel}","templated":true}]}}