{"id":541,"date":"2017-03-18T15:40:53","date_gmt":"2017-03-18T15:40:53","guid":{"rendered":"http:\/\/unser-steinheim.de\/home\/?page_id=541"},"modified":"2017-03-18T15:40:53","modified_gmt":"2017-03-18T15:40:53","slug":"gesangverein-frohsinn-ausflug-1936","status":"publish","type":"page","link":"https:\/\/unser-steinheim.de\/home\/gesangverein-frohsinn-ausflug-1936","title":{"rendered":"Gesangverein &#8222;Frohsinn&#8220; &#8211; Ausflug 1936"},"content":{"rendered":"<table style=\"height: 395px;\" width=\"963\">\n<tbody>\n<tr>\n<td width=\"809\">\n<h2><img loading=\"lazy\" decoding=\"async\" class=\"alignleft size-full wp-image-542\" src=\"http:\/\/unser-steinheim.de\/wp-content\/uploads\/Ausflug_1936_a.jpg\" alt=\"\" width=\"700\" height=\"85\" srcset=\"https:\/\/unser-steinheim.de\/wp-content\/uploads\/Ausflug_1936_a.jpg 700w, https:\/\/unser-steinheim.de\/wp-content\/uploads\/Ausflug_1936_a-300x36.jpg 300w\" sizes=\"auto, (max-width: 700px) 100vw, 700px\" \/><\/h2>\n<\/td>\n<\/tr>\n<tr>\n<td>Freitag, 31. August 1984, Hungen-Steinheim (rb).<\/p>\n<p>Ausfl\u00fcge zum Rhein sind keine Seltenheit in den vielen, oft sehr alten Chroniken der Gesangvereine. Der Flu\u00df, der seit langer Zeit als \u00bbdeutschester\u00ab aller Str\u00f6me gilt, ist mit vielen Geschichten, Sagen und Legenden verkn\u00fcpft. Und sein Mythos hat Dichter und Komponisten von Heinrich Heine bis Richard Wagner zu schwerm\u00fctigen Balladen, zu Opern oder fr\u00f6hlichen Trinkliedern inspiriert. Er scheint also geradezu pr\u00e4destiniert f\u00fcr Ausfl\u00fcge von S\u00e4ngern an seine Ufer. Nur wenige aber blieben den Ausfl\u00fcglern wohl so sehr im Ged\u00e4chtnis wie jene zweit\u00e4gige Fahrt im Juli des Jahres 1936 den 33 Mitgliedern des Gesangvereines \u00bbFrohsinn\u00ab.<\/p>\n<p>Per Bus hatten sich die S\u00e4nger am Morgen auf den Weg gemacht, waren in froher Stimmung durch den Taunus und das Lahntal \u00fcber Weilburg und Bad Ems nach Koblenz gefahren und hatten dort Quartier bezogen. Damit auch die weniger \u00bbbetuchten\u00ab Mitglieder die Reise mitmachen konnten, hatte man zuvor in der Singstunde, die zweimal w\u00f6chentlich stattfand &#8211; je nach den finanziellen M\u00f6glichkeiten &#8211; eine Spende in die Reisekasse gezahlt. Bei Preisen von 2.50 Reichsmark f\u00fcr eine \u00dcbernachtung und 15 Reichspfennigen f\u00fcr ein Bier wurde das Budget auch nicht \u00fcberm\u00e4\u00dfig strapaziert, zumal aus Gr\u00fcnden der Sparsamkeit meist je zwei Teilnehmer der Rheinfahrt in einem Bett n\u00e4chtigten.<\/td>\n<\/tr>\n<tr>\n<td><img loading=\"lazy\" decoding=\"async\" class=\"alignleft size-full wp-image-543\" src=\"http:\/\/unser-steinheim.de\/wp-content\/uploads\/Ausflug_1936_b.jpg\" alt=\"\" width=\"700\" height=\"546\" srcset=\"https:\/\/unser-steinheim.de\/wp-content\/uploads\/Ausflug_1936_b.jpg 700w, https:\/\/unser-steinheim.de\/wp-content\/uploads\/Ausflug_1936_b-300x234.jpg 300w\" sizes=\"auto, (max-width: 700px) 100vw, 700px\" \/><\/td>\n<\/tr>\n<tr>\n<td>In Koblenz im Hotel \u00bbH\u00f6henhaus\u00ab revanchierte man sich f\u00fcr die freundliche Bewirtung dann auch mit einigen Liedern, die im Wechsel mit der Hauskapelle vorgetragen wurden. \u00bbGanz spontan und ohne jede Verabredung geschah das damals\u00ab, erinnert sich Rudolf Theiss, der damalige Vorsitzende des Steinheimer Gesangvereines. Am fr\u00fchen Sonntagmorgen wanderte man dann hinauf zum \u00bbDeutschen Eck\u00ab, der Landzunge zwischen Moselm\u00fcndung und Rhein, und am Denkmal f\u00fcr Kaiser Wilhelm I. erklang das alte Lied: \u00bbBr\u00fcder, reicht die Hand zum Bunde\u00ab.<\/p>\n<p>Burg Stolzenfels am Rhein war die n\u00e4chste Station der Reise, und wer sich m\u00fcde gewandert und gesungen hatte, der konnte im Damensitz auf einem der drei schm\u00e4chtigen Eselchen Platz nehmen, die im geduldigen Trott die Besucher zur Burg hinauftrugen. \u00dcber Bacharach ging es dann mit dem Schiff nach A\u00dfmannshausen und eine herrliche Wanderung zum 1883 errichteten Niederwalddenkmal schlo\u00df sich an.<\/td>\n<\/tr>\n<tr>\n<td>\u00a0<img loading=\"lazy\" decoding=\"async\" class=\"alignleft size-full wp-image-544\" src=\"http:\/\/unser-steinheim.de\/wp-content\/uploads\/Ausflug_1936_c.jpg\" alt=\"\" width=\"700\" height=\"432\" srcset=\"https:\/\/unser-steinheim.de\/wp-content\/uploads\/Ausflug_1936_c.jpg 700w, https:\/\/unser-steinheim.de\/wp-content\/uploads\/Ausflug_1936_c-300x185.jpg 300w\" sizes=\"auto, (max-width: 700px) 100vw, 700px\" \/><\/td>\n<\/tr>\n<tr>\n<td>In R\u00fcdesheim setzten die Steinheimer mit der F\u00e4hre \u00fcber nach Bingen, wo der Bus des Zweckverbandes Nidda bereits auf sie wartete. In Gau-Algesheim kehrten sie beim Weinlieferanten des Vereinswirtes \u00bbPitze-Wilhelm\u00ab aus Steinheim ein. Festlich mit Girlanden und \u00bbWillkommen\u00abschild war der Weinkeller geschm\u00fcckt und mit ihren Liedern bedankten sich die Ausfl\u00fcgler f\u00fcr die reichliche Bewirtung. Es war fast Mitternacht, als die 33 Steinheimer wieder zuhause ankamen.<\/p>\n<p>Der Gesangverein \u00bbFrohsinn\u00ab, der heute fast noch die selbe Mitgliederzahl wie damals hat, ist noch oft an den Rhein gefahren. Von den alten Sangesbr\u00fcdern aber waren nach dem Kriege nur noch wenige dabei und von ihrem Ausflugsziel, dem Kaiser-Wilhelm-Denkmal, erinnert heute nur mehr der Sockel an die vergangene Pracht. Die Anekdoten vom Eselsritt und den Liedern zur Hotelkapelle aber werden unver\u00e4ndert weitergegeben und haben in der Vereinsgeschichte ihren unwiderruflichen Platz.<\/td>\n<\/tr>\n<tr>\n<td><a href=\"http:\/\/unser-steinheim.de\/wp-content\/uploads\/Zeitungsbericht-Ausflug-Gesangsverein-Steinheim-1936-Zeitung-von-1984.pdf\">\u00a0Zeitungsbericht als PDF herunterladen<\/a><\/td>\n<\/tr>\n<tr>\n<td><\/td>\n<\/tr>\n<tr>\n<td><\/td>\n<\/tr>\n<\/tbody>\n<\/table>\n","protected":false},"excerpt":{"rendered":"<p>Freitag, 31. August 1984, Hungen-Steinheim (rb). Ausfl\u00fcge zum Rhein sind keine Seltenheit in den vielen, oft sehr alten Chroniken der Gesangvereine. Der Flu\u00df, der seit langer Zeit als \u00bbdeutschester\u00ab aller Str\u00f6me gilt, ist mit vielen Geschichten, Sagen und Legenden verkn\u00fcpft. Und sein Mythos hat Dichter und Komponisten von Heinrich Heine bis Richard Wagner zu schwerm\u00fctigen &hellip; <\/p>\n<p class=\"link-more\"><a href=\"https:\/\/unser-steinheim.de\/home\/gesangverein-frohsinn-ausflug-1936\" class=\"more-link\"><span class=\"screen-reader-text\">\u201eGesangverein &#8222;Frohsinn&#8220; &#8211; Ausflug 1936\u201c<\/span> weiterlesen<\/a><\/p>\n","protected":false},"author":1,"featured_media":0,"parent":0,"menu_order":0,"comment_status":"closed","ping_status":"closed","template":"","meta":{"footnotes":""},"class_list":["post-541","page","type-page","status-publish","hentry"],"_links":{"self":[{"href":"https:\/\/unser-steinheim.de\/home\/wp-json\/wp\/v2\/pages\/541","targetHints":{"allow":["GET"]}}],"collection":[{"href":"https:\/\/unser-steinheim.de\/home\/wp-json\/wp\/v2\/pages"}],"about":[{"href":"https:\/\/unser-steinheim.de\/home\/wp-json\/wp\/v2\/types\/page"}],"author":[{"embeddable":true,"href":"https:\/\/unser-steinheim.de\/home\/wp-json\/wp\/v2\/users\/1"}],"replies":[{"embeddable":true,"href":"https:\/\/unser-steinheim.de\/home\/wp-json\/wp\/v2\/comments?post=541"}],"version-history":[{"count":4,"href":"https:\/\/unser-steinheim.de\/home\/wp-json\/wp\/v2\/pages\/541\/revisions"}],"predecessor-version":[{"id":549,"href":"https:\/\/unser-steinheim.de\/home\/wp-json\/wp\/v2\/pages\/541\/revisions\/549"}],"wp:attachment":[{"href":"https:\/\/unser-steinheim.de\/home\/wp-json\/wp\/v2\/media?parent=541"}],"curies":[{"name":"wp","href":"https:\/\/api.w.org\/{rel}","templated":true}]}}