{"id":555,"date":"2017-03-19T13:33:32","date_gmt":"2017-03-19T13:33:32","guid":{"rendered":"http:\/\/unser-steinheim.de\/home\/?page_id=555"},"modified":"2017-03-19T13:37:49","modified_gmt":"2017-03-19T13:37:49","slug":"vdk","status":"publish","type":"page","link":"https:\/\/unser-steinheim.de\/home\/vdk","title":{"rendered":"VdK"},"content":{"rendered":"<p><img loading=\"lazy\" decoding=\"async\" class=\"alignleft size-medium wp-image-560\" src=\"http:\/\/unser-steinheim.de\/wp-content\/uploads\/Logo_Seite_top-300x115.png\" alt=\"\" width=\"300\" height=\"115\" srcset=\"https:\/\/unser-steinheim.de\/wp-content\/uploads\/Logo_Seite_top-300x115.png 300w, https:\/\/unser-steinheim.de\/wp-content\/uploads\/Logo_Seite_top.png 450w\" sizes=\"auto, (max-width: 300px) 100vw, 300px\" \/><\/p>\n<p>&nbsp;<\/p>\n<p>&nbsp;<\/p>\n<p>&nbsp;<\/p>\n<h3>Herzlich willkommen beim Sozialverband VdK Hessen-Th\u00fcringen<\/h3>\n<p>Seit siebzig Jahren setzen wir uns f\u00fcr soziale Gerechtigkeit und die Interessen unserer Mitglieder ein. Wir leisten wertvolle Hilfe in allen Fragen rund um Gesundheit, Behinderung, Rente und Pflege. 260.000 Menschen sind schon Mitglied \u2013 und es werden t\u00e4glich mehr.<\/p>\n<h4 class=\"Template-TTITEL\">Wir sind<\/h4>\n<ul>\n<li>der gr\u00f6\u00dfte Sozialverband behinderter, chronisch kranker, \u00e4lterer sowie sozial benachteiligter Menschen in Hessen und Th\u00fcringen<\/li>\n<li>mit mehr als 1.200 Ortsverb\u00e4nden in ganz Hessen und Th\u00fcringen pr\u00e4sent<\/li>\n<li>ein Verband f\u00fcr Jung und Alt<\/li>\n<li>parteipolitisch, religi\u00f6s und weltanschaulich unabh\u00e4ngig<\/li>\n<\/ul>\n<p><a href=\"http:\/\/www.vdk.de\/hessen-thueringen\/\"><strong>Zur Website des vdk<\/strong><\/a><\/p>\n<h2>VdK-Ortsverband Steinheim<\/h2>\n<p>Annelie Schneider<br \/>\nMittelgasse 7<br \/>\n35410 Hungen-Steinheim<br \/>\n<a href=\"mailto:annelieschneider@web.de\">annelieschneider@web.de<\/a><\/p>\n<p><img loading=\"lazy\" decoding=\"async\" class=\"alignleft size-medium wp-image-562\" src=\"http:\/\/unser-steinheim.de\/wp-content\/uploads\/Liste-300x176.jpg\" alt=\"\" width=\"300\" height=\"176\" srcset=\"https:\/\/unser-steinheim.de\/wp-content\/uploads\/Liste-300x176.jpg 300w, https:\/\/unser-steinheim.de\/wp-content\/uploads\/Liste.jpg 450w\" sizes=\"auto, (max-width: 300px) 100vw, 300px\" \/><\/p>\n<h4 class=\"Template-TTITEL\"><\/h4>\n<h4 class=\"Template-TTITEL\">VdK-Kreisverband Gie\u00dfen<\/h4>\n<p>Liebigstra\u00dfe 15<br \/>\n35390 Gie\u00dfen<br \/>\nTelefon: 0641 9696899<br \/>\nTelefax: 0641 \u00969696983<br \/>\n<a class=\"Template-EMAIL\" href=\"mailto:kv-giessen@vdk.de\">kv-giessen@vdk.de<\/a><br \/>\n<a class=\"Template-URL\" href=\"http:\/\/www.vdk.de\/kv-giessen\" target=\"_blank\">www.vdk.de\/kv-giessen<\/a><\/p>\n<div class=\"Template-SPACER\"><\/div>\n<p><strong>Sprechstunden:<br \/>\n<\/strong>Dienstag: 9.00\u201314.00 Uhr<br \/>\nDonnerstag: 9.00\u201312.00 Uhr und 13.30\u201316.00<\/p>\n<p>&nbsp;<\/p>\n<p>&nbsp;<\/p>\n<p>&nbsp;<\/p>\n<p>&nbsp;<\/p>\n<p>&nbsp;<\/p>\n","protected":false},"excerpt":{"rendered":"<p>&nbsp; &nbsp; &nbsp; Herzlich willkommen beim Sozialverband VdK Hessen-Th\u00fcringen Seit siebzig Jahren setzen wir uns f\u00fcr soziale Gerechtigkeit und die Interessen unserer Mitglieder ein. Wir leisten wertvolle Hilfe in allen Fragen rund um Gesundheit, Behinderung, Rente und Pflege. 260.000 Menschen sind schon Mitglied \u2013 und es werden t\u00e4glich mehr. Wir sind der gr\u00f6\u00dfte Sozialverband behinderter, &hellip; <\/p>\n<p class=\"link-more\"><a href=\"https:\/\/unser-steinheim.de\/home\/vdk\" class=\"more-link\"><span class=\"screen-reader-text\">\u201eVdK\u201c<\/span> weiterlesen<\/a><\/p>\n","protected":false},"author":1,"featured_media":0,"parent":0,"menu_order":0,"comment_status":"closed","ping_status":"closed","template":"","meta":{"footnotes":""},"class_list":["post-555","page","type-page","status-publish","hentry"],"_links":{"self":[{"href":"https:\/\/unser-steinheim.de\/home\/wp-json\/wp\/v2\/pages\/555","targetHints":{"allow":["GET"]}}],"collection":[{"href":"https:\/\/unser-steinheim.de\/home\/wp-json\/wp\/v2\/pages"}],"about":[{"href":"https:\/\/unser-steinheim.de\/home\/wp-json\/wp\/v2\/types\/page"}],"author":[{"embeddable":true,"href":"https:\/\/unser-steinheim.de\/home\/wp-json\/wp\/v2\/users\/1"}],"replies":[{"embeddable":true,"href":"https:\/\/unser-steinheim.de\/home\/wp-json\/wp\/v2\/comments?post=555"}],"version-history":[{"count":8,"href":"https:\/\/unser-steinheim.de\/home\/wp-json\/wp\/v2\/pages\/555\/revisions"}],"predecessor-version":[{"id":569,"href":"https:\/\/unser-steinheim.de\/home\/wp-json\/wp\/v2\/pages\/555\/revisions\/569"}],"wp:attachment":[{"href":"https:\/\/unser-steinheim.de\/home\/wp-json\/wp\/v2\/media?parent=555"}],"curies":[{"name":"wp","href":"https:\/\/api.w.org\/{rel}","templated":true}]}}