{"id":609,"date":"2017-04-11T17:43:13","date_gmt":"2017-04-11T17:43:13","guid":{"rendered":"http:\/\/unser-steinheim.de\/home\/?page_id=609"},"modified":"2017-04-11T17:48:06","modified_gmt":"2017-04-11T17:48:06","slug":"postkarten","status":"publish","type":"page","link":"https:\/\/unser-steinheim.de\/home\/postkarten","title":{"rendered":"Postkarten"},"content":{"rendered":"<table width=\"661\">\n<tbody>\n<tr>\n<td width=\"661\">\u00a0<img loading=\"lazy\" decoding=\"async\" class=\"alignleft wp-image-613 size-full\" src=\"http:\/\/unser-steinheim.de\/wp-content\/uploads\/Postkarte-Steinheim_3_undatiert.jpg\" alt=\"\" width=\"500\" height=\"360\" srcset=\"https:\/\/unser-steinheim.de\/wp-content\/uploads\/Postkarte-Steinheim_3_undatiert.jpg 500w, https:\/\/unser-steinheim.de\/wp-content\/uploads\/Postkarte-Steinheim_3_undatiert-300x216.jpg 300w\" sizes=\"auto, (max-width: 500px) 100vw, 500px\" \/><\/td>\n<\/tr>\n<tr>\n<td><\/td>\n<\/tr>\n<tr>\n<td>\u00a0<img loading=\"lazy\" decoding=\"async\" class=\"alignleft wp-image-612 size-full\" src=\"http:\/\/unser-steinheim.de\/wp-content\/uploads\/Postkarte-Steinheim_2_undatiert.jpg\" alt=\"\" width=\"500\" height=\"356\" srcset=\"https:\/\/unser-steinheim.de\/wp-content\/uploads\/Postkarte-Steinheim_2_undatiert.jpg 500w, https:\/\/unser-steinheim.de\/wp-content\/uploads\/Postkarte-Steinheim_2_undatiert-300x214.jpg 300w\" sizes=\"auto, (max-width: 500px) 100vw, 500px\" \/><\/td>\n<\/tr>\n<tr>\n<td><\/td>\n<\/tr>\n<tr>\n<td>\u00a0<img loading=\"lazy\" decoding=\"async\" class=\"alignleft wp-image-611 size-full\" src=\"http:\/\/unser-steinheim.de\/wp-content\/uploads\/Postkarte_Gemischwarenladen-Adolf-Schmidt_Steinheim.jpg\" alt=\"\" width=\"500\" height=\"319\" srcset=\"https:\/\/unser-steinheim.de\/wp-content\/uploads\/Postkarte_Gemischwarenladen-Adolf-Schmidt_Steinheim.jpg 500w, https:\/\/unser-steinheim.de\/wp-content\/uploads\/Postkarte_Gemischwarenladen-Adolf-Schmidt_Steinheim-300x191.jpg 300w\" sizes=\"auto, (max-width: 500px) 100vw, 500px\" \/><\/td>\n<\/tr>\n<tr>\n<td><\/td>\n<\/tr>\n<tr>\n<td>\u00a0<img loading=\"lazy\" decoding=\"async\" class=\"alignleft size-full wp-image-610\" src=\"http:\/\/unser-steinheim.de\/wp-content\/uploads\/Postkarte_19xx_D\u00f6ll_Carmen_Bildgr\u00f6\u00dfe-\u00e4ndern-1.jpg\" alt=\"\" width=\"645\" height=\"417\" srcset=\"https:\/\/unser-steinheim.de\/wp-content\/uploads\/Postkarte_19xx_D\u00f6ll_Carmen_Bildgr\u00f6\u00dfe-\u00e4ndern-1.jpg 645w, https:\/\/unser-steinheim.de\/wp-content\/uploads\/Postkarte_19xx_D\u00f6ll_Carmen_Bildgr\u00f6\u00dfe-\u00e4ndern-1-300x194.jpg 300w\" sizes=\"auto, (max-width: 645px) 100vw, 645px\" \/><\/td>\n<\/tr>\n<tr>\n<td><\/td>\n<\/tr>\n<tr>\n<td>Dank an Annelie Schneider f\u00fcr die Mitarbeit!<\/td>\n<\/tr>\n<tr>\n<td><\/td>\n<\/tr>\n<tr>\n<td><\/td>\n<\/tr>\n<tr>\n<td><\/td>\n<\/tr>\n<tr>\n<td><\/td>\n<\/tr>\n<tr>\n<td><\/td>\n<\/tr>\n<tr>\n<td><\/td>\n<\/tr>\n<tr>\n<td><\/td>\n<\/tr>\n<tr>\n<td><\/td>\n<\/tr>\n<tr>\n<td><\/td>\n<\/tr>\n<tr>\n<td><\/td>\n<\/tr>\n<tr>\n<td><\/td>\n<\/tr>\n<\/tbody>\n<\/table>\n<p>&nbsp;<\/p>\n<p>&nbsp;<\/p>\n<p>&nbsp;<\/p>\n","protected":false},"excerpt":{"rendered":"<p>\u00a0 \u00a0 \u00a0 \u00a0 Dank an Annelie Schneider f\u00fcr die Mitarbeit! &nbsp; &nbsp; &nbsp;<\/p>\n","protected":false},"author":1,"featured_media":0,"parent":0,"menu_order":0,"comment_status":"closed","ping_status":"closed","template":"","meta":{"footnotes":""},"class_list":["post-609","page","type-page","status-publish","hentry"],"_links":{"self":[{"href":"https:\/\/unser-steinheim.de\/home\/wp-json\/wp\/v2\/pages\/609","targetHints":{"allow":["GET"]}}],"collection":[{"href":"https:\/\/unser-steinheim.de\/home\/wp-json\/wp\/v2\/pages"}],"about":[{"href":"https:\/\/unser-steinheim.de\/home\/wp-json\/wp\/v2\/types\/page"}],"author":[{"embeddable":true,"href":"https:\/\/unser-steinheim.de\/home\/wp-json\/wp\/v2\/users\/1"}],"replies":[{"embeddable":true,"href":"https:\/\/unser-steinheim.de\/home\/wp-json\/wp\/v2\/comments?post=609"}],"version-history":[{"count":5,"href":"https:\/\/unser-steinheim.de\/home\/wp-json\/wp\/v2\/pages\/609\/revisions"}],"predecessor-version":[{"id":619,"href":"https:\/\/unser-steinheim.de\/home\/wp-json\/wp\/v2\/pages\/609\/revisions\/619"}],"wp:attachment":[{"href":"https:\/\/unser-steinheim.de\/home\/wp-json\/wp\/v2\/media?parent=609"}],"curies":[{"name":"wp","href":"https:\/\/api.w.org\/{rel}","templated":true}]}}