{"id":648,"date":"2017-08-08T18:18:07","date_gmt":"2017-08-08T18:18:07","guid":{"rendered":"http:\/\/unser-steinheim.de\/home\/?page_id=648"},"modified":"2017-10-25T09:20:24","modified_gmt":"2017-10-25T09:20:24","slug":"sv-steinheim","status":"publish","type":"page","link":"https:\/\/unser-steinheim.de\/home\/sv-steinheim","title":{"rendered":"SV Steinheim"},"content":{"rendered":"<p><img loading=\"lazy\" decoding=\"async\" class=\"size-full wp-image-655 aligncenter\" src=\"http:\/\/unser-steinheim.de\/wp-content\/uploads\/wappen_SV_400.gif\" alt=\"\" width=\"400\" height=\"411\" \/><\/p>\n<h2>Willkommen beim Sportverein Steinheim<\/h2>\n<table style=\"border-collapse: collapse; width: 390px; height: 59px;\" border=\"0\" width=\"240\" cellspacing=\"0\" cellpadding=\"0\">\n<colgroup>\n<col style=\"width: 60pt;\" span=\"3\" width=\"80\" \/> <\/colgroup>\n<tbody>\n<tr style=\"height: 12.75pt;\">\n<td style=\"height: 12.75pt; width: 60pt;\" width=\"80\" height=\"17\">\u00a0<a href=\"https:\/\/unser-steinheim.de\/home\/die-historie-des-sv-steinheim\"><img loading=\"lazy\" decoding=\"async\" class=\"alignleft size-full wp-image-703\" src=\"http:\/\/unser-steinheim.de\/wp-content\/uploads\/Button_SV-Historie.gif\" alt=\"\" width=\"150\" height=\"40\" \/><\/a><\/td>\n<td style=\"width: 60pt;\" width=\"80\">\u00a0<a href=\"https:\/\/unser-steinheim.de\/home\/die-tanzgruppen-des-sv-steinheim\"><img loading=\"lazy\" decoding=\"async\" class=\"alignleft size-full wp-image-704\" src=\"http:\/\/unser-steinheim.de\/wp-content\/uploads\/Button_Tanzgruppen.gif\" alt=\"\" width=\"150\" height=\"40\" \/><\/a><\/td>\n<td style=\"width: 60pt;\" width=\"80\">\u00a0<a href=\"https:\/\/unser-steinheim.de\/home\/dartgruppe-des-sv-steinheim\"><img loading=\"lazy\" decoding=\"async\" class=\"alignleft size-full wp-image-702\" src=\"http:\/\/unser-steinheim.de\/wp-content\/uploads\/Button_Dart.gif\" alt=\"\" width=\"150\" height=\"40\" \/><\/a><\/td>\n<\/tr>\n<\/tbody>\n<\/table>\n<p><em>Liebe Sportkameradinnen und Sportkameraden,<\/em><br \/>\n<em> liebe Besucher unser Seiten,<\/em><\/p>\n<p><em>ich freue mich in diesem Jahr das 90j\u00e4hrige Jubil\u00e4um des SV Teutonia 1927 Steinheim mit euch feiern zu k\u00f6nnen. Wir bestehen aus drei aktiven Abteilungen mit rund 50 aktiven Mitgliedern. Und das, obwohl vor rund f\u00fcnf Jahren die gr\u00f6\u00dfte Abteilung des Sportvereins leider abgemeldet werden musste, die aktiven Fu\u00dfballseniorenmannschaften und der Jugendfu\u00dfball. Somit k\u00f6nnen wir weiterhin eine sportliche Aktivit\u00e4t direkt vor Ort anbieten. Ich w\u00fcnsche dem Sportverein Steinheim, dass er auch weiterhin bestehen bleibt und auf m\u00f6glichst viel Unterst\u00fctzung aus Steinheim und Umgebung trifft.<\/em><\/p>\n<p><em>Mit sportlichem Gru\u00df<\/em><br \/>\nNicole Siegl (1. Vorsitzende)<\/p>\n<p>&nbsp;<\/p>\n<h2>Unsere Abteilungen<\/h2>\n<p><a href=\"https:\/\/unser-steinheim.de\/home\/dartgruppe-des-sv-steinheim\"><strong>Dart-Gruppe<\/strong> (hier klicken)<\/a><\/p>\n<p><a href=\"https:\/\/unser-steinheim.de\/home\/die-tanzgruppen-des-sv-steinheim\"><strong>Tanzgruppen<\/strong> (hier klicken)<\/a><\/p>\n<p>&nbsp;<\/p>\n<p><strong>Unser Vorstand 2017<\/strong><\/p>\n<p><img loading=\"lazy\" decoding=\"async\" class=\"alignleft size-full wp-image-659\" src=\"http:\/\/unser-steinheim.de\/wp-content\/uploads\/Vorstand.jpg\" alt=\"\" width=\"505\" height=\"313\" srcset=\"https:\/\/unser-steinheim.de\/wp-content\/uploads\/Vorstand.jpg 505w, https:\/\/unser-steinheim.de\/wp-content\/uploads\/Vorstand-300x186.jpg 300w\" sizes=\"auto, (max-width: 505px) 100vw, 505px\" \/><\/p>\n<p>&nbsp;<\/p>\n<p>&nbsp;<\/p>\n<p>&nbsp;<\/p>\n<p>&nbsp;<\/p>\n<p>&nbsp;<\/p>\n<p>&nbsp;<\/p>\n<p>&nbsp;<\/p>\n<p>Frank Kaiser (Abteilung Dart, Vertreter)<br \/>\nSabrina Irle (Schriftf\u00fchrerin)<br \/>\nPeter Schmidt (3. Vorsitzender)<br \/>\nNicole Siegl (1. Vorsitzende und Abteilungsleitung Tanz)<br \/>\nIngo Gr\u00fcnbein (Beisitzer)<br \/>\nJ\u00fcrgen Siegl (Beisitzer)<br \/>\nKevin Siegl (Kassenwart)<br \/>\nThorsten Hilscher (2. Vorsitzender und Abteilungsleitung Dart)<\/p>\n<p>&nbsp;<\/p>\n<p><a href=\"https:\/\/unser-steinheim.de\/home\/die-historie-des-sv-steinheim\"><strong>Die Vereins-Chronik des SV Teutonia <\/strong>(hier klicken)<\/a><strong><br \/>\n<\/strong><\/p>\n<p>&nbsp;<\/p>\n<p>&nbsp;<\/p>\n","protected":false},"excerpt":{"rendered":"<p>Willkommen beim Sportverein Steinheim \u00a0 \u00a0 \u00a0 Liebe Sportkameradinnen und Sportkameraden, liebe Besucher unser Seiten, ich freue mich in diesem Jahr das 90j\u00e4hrige Jubil\u00e4um des SV Teutonia 1927 Steinheim mit euch feiern zu k\u00f6nnen. Wir bestehen aus drei aktiven Abteilungen mit rund 50 aktiven Mitgliedern. Und das, obwohl vor rund f\u00fcnf Jahren die gr\u00f6\u00dfte Abteilung &hellip; <\/p>\n<p class=\"link-more\"><a href=\"https:\/\/unser-steinheim.de\/home\/sv-steinheim\" class=\"more-link\"><span class=\"screen-reader-text\">\u201eSV Steinheim\u201c<\/span> weiterlesen<\/a><\/p>\n","protected":false},"author":1,"featured_media":0,"parent":0,"menu_order":0,"comment_status":"closed","ping_status":"closed","template":"","meta":{"footnotes":""},"class_list":["post-648","page","type-page","status-publish","hentry"],"_links":{"self":[{"href":"https:\/\/unser-steinheim.de\/home\/wp-json\/wp\/v2\/pages\/648","targetHints":{"allow":["GET"]}}],"collection":[{"href":"https:\/\/unser-steinheim.de\/home\/wp-json\/wp\/v2\/pages"}],"about":[{"href":"https:\/\/unser-steinheim.de\/home\/wp-json\/wp\/v2\/types\/page"}],"author":[{"embeddable":true,"href":"https:\/\/unser-steinheim.de\/home\/wp-json\/wp\/v2\/users\/1"}],"replies":[{"embeddable":true,"href":"https:\/\/unser-steinheim.de\/home\/wp-json\/wp\/v2\/comments?post=648"}],"version-history":[{"count":14,"href":"https:\/\/unser-steinheim.de\/home\/wp-json\/wp\/v2\/pages\/648\/revisions"}],"predecessor-version":[{"id":1476,"href":"https:\/\/unser-steinheim.de\/home\/wp-json\/wp\/v2\/pages\/648\/revisions\/1476"}],"wp:attachment":[{"href":"https:\/\/unser-steinheim.de\/home\/wp-json\/wp\/v2\/media?parent=648"}],"curies":[{"name":"wp","href":"https:\/\/api.w.org\/{rel}","templated":true}]}}