{"id":673,"date":"2017-08-08T18:12:29","date_gmt":"2017-08-08T18:12:29","guid":{"rendered":"http:\/\/unser-steinheim.de\/home\/?page_id=673"},"modified":"2017-08-10T07:04:10","modified_gmt":"2017-08-10T07:04:10","slug":"dartgruppe-des-sv-steinheim","status":"publish","type":"page","link":"https:\/\/unser-steinheim.de\/home\/dartgruppe-des-sv-steinheim","title":{"rendered":"Dartgruppe des SV Steinheim"},"content":{"rendered":"<p><img loading=\"lazy\" decoding=\"async\" class=\"alignleft size-full wp-image-674\" src=\"http:\/\/unser-steinheim.de\/wp-content\/uploads\/Dart_Intro.jpg\" alt=\"\" width=\"400\" height=\"225\" srcset=\"https:\/\/unser-steinheim.de\/wp-content\/uploads\/Dart_Intro.jpg 400w, https:\/\/unser-steinheim.de\/wp-content\/uploads\/Dart_Intro-300x169.jpg 300w\" sizes=\"auto, (max-width: 400px) 100vw, 400px\" \/><\/p>\n<p>&nbsp;<\/p>\n<p>&nbsp;<\/p>\n<p>&nbsp;<\/p>\n<p>&nbsp;<\/p>\n<p>&nbsp;<\/p>\n<p>Dart wurde fr\u00fcher als &#8222;Kneipensportart&#8220; bel\u00e4chelt.<br \/>\nDoch Dart hat sich mittlerweile auch in Deutschland als attraktive, anerkannte Sportart durchgesetzt. So auch beim SV Teutonia Steinheim 1927 e.V.<\/p>\n<p>Im Mai <strong>2009<\/strong> trafen sich ein paar Dartfreunde im Sportheim, um ein wenig zu werfen. Schnell machte es die Runde und es fanden sich immer mehr begeisterte Dartspieler im Sportheim zu &#8222;301&#8220; und &#8222;501&#8220;, den bekanntesten Spiele des Dartsports.<\/p>\n<p><img loading=\"lazy\" decoding=\"async\" class=\"alignleft size-full wp-image-675\" src=\"http:\/\/unser-steinheim.de\/wp-content\/uploads\/Dart-Automat.jpg\" alt=\"\" width=\"300\" height=\"225\" \/><\/p>\n<p>Um besser trainieren zu k\u00f6nnen, wurde ein Dartautomat angeschafft. Ein Jahr sp\u00e4ter ein weiterer Dartautomat, um an den Ligaspielen teilnehmen zu d\u00fcrfen. 2010 startete die Dartmannschaft erstmals in der B\u00e4renliga C. Thorsten Hilscher \u00fcbernahm das Amt des Abteilungsleiters. Im Jahr 2011 wuchs das Interesse so stark, dass eine weiter Dartmannschaft gemeldet werden konnte. Das Engagement der Spieler wurde durch einen 2.Platz mit dem Aufstieg in die B-Liga belohnt. Im Jahr 2014 \u00e4nderte die Mannschaft ihren Namen von Mighy Darts 1 und 2 in DC Steinheim um. Die Mannschaft startete wieder in der B\u00e4renliga C. In der 1 Saisonrunde 2015 erreichte die Mannschaft den 1.Platz und stieg wieder in die B\u00e4renliga B mit Thorsten Hilscher als Teamleiter auf. Eine neue Mannschaft mit Frank Kaiser startete parallel dazu in der B\u00e4renliga C unter dem Namen DC Steinheim 2.<\/p>\n<p>Die Dartabteilung hatte 2011 so einen guten Zuspruch gefunden, so dass man zwei Mannschaften die Mighty Darts 1 und die Mighty Darts 2 zur B\u00e4renliga C melden konnte. Die MD 2 belegten den 2.Platz der C-Liga und erreichten so den Aufstieg in die B-Liga. Die MD 1 erreichten den 6.Platz in der C-Liga. Im September 2011 bildete sich eine Jugend-Dart Abteilung unter der Leitung von Thorsten Hilscher.<\/p>\n<p>Aktuell spielen in der 1.Mannschaft B\u00e4renliga B &#8211;\u00a0 DC Steinheim 1:<\/p>\n<p><img loading=\"lazy\" decoding=\"async\" class=\"alignleft size-full wp-image-677\" src=\"http:\/\/unser-steinheim.de\/wp-content\/uploads\/DC-Steinheim.jpg\" alt=\"\" width=\"300\" height=\"188\" \/><\/p>\n<p>&nbsp;<\/p>\n<p>&nbsp;<\/p>\n<p>&nbsp;<\/p>\n<p>&nbsp;<\/p>\n<p>&nbsp;<\/p>\n<p>Thorsten Hilscher, Sissi Hilscher, Sven Kunert, Alexander Wieskamp, Oliver Hoheisel, Christian Franke, Holger M\u00fcller und Kevin Siegl<\/p>\n<p>&nbsp;<\/p>\n<p>In der B\u00e4renliga C \u2013 DC Steinheim 2 spielen:<\/p>\n<p><img loading=\"lazy\" decoding=\"async\" class=\"alignleft size-full wp-image-678\" src=\"http:\/\/unser-steinheim.de\/wp-content\/uploads\/DC_2-Steinheim.jpg\" alt=\"\" width=\"300\" height=\"174\" \/><\/p>\n<p>&nbsp;<\/p>\n<p>&nbsp;<\/p>\n<p>&nbsp;<\/p>\n<p>&nbsp;<\/p>\n<p>Frank Kaiser, Ingo Kaiser, Brigitte Kaiser, Peter Schmidt, Daniel Wolf, Tina Wolf, Jessica Sablowsky, Nicole Siegl und Sabrina Irle.<\/p>\n<p>&nbsp;<\/p>\n<p>Die <strong>Ligaspiele<\/strong> finden freitags ab 20 Uhr im Sportheim statt.<\/p>\n<p>Training ist dienstags um 19.30 Uhr. Einmal im Monat findet das gem\u00fctliche \u201eSpa\u00df Dart\u201c statt. Dort kann man gem\u00fctlich eine Runde Darten oder auch einfach nur gemeinsam ein Bier trinken. Spa\u00df steht an erster Stelle und jeder ist herzlich willkommen.<\/p>\n<p>Einmal im Jahr veranstaltet der Verein ein <strong>Dart-Turnier<\/strong>, dies ist gut besucht und bei den gegnerischen Spielern und Mannschaften sehr beliebt.<\/p>\n<p><img loading=\"lazy\" decoding=\"async\" class=\"alignleft size-full wp-image-708\" src=\"http:\/\/unser-steinheim.de\/wp-content\/uploads\/Flyer-Darturnier.jpg\" alt=\"\" width=\"543\" height=\"313\" srcset=\"https:\/\/unser-steinheim.de\/wp-content\/uploads\/Flyer-Darturnier.jpg 543w, https:\/\/unser-steinheim.de\/wp-content\/uploads\/Flyer-Darturnier-300x173.jpg 300w\" sizes=\"auto, (max-width: 543px) 100vw, 543px\" \/><\/p>\n","protected":false},"excerpt":{"rendered":"<p>&nbsp; &nbsp; &nbsp; &nbsp; &nbsp; Dart wurde fr\u00fcher als &#8222;Kneipensportart&#8220; bel\u00e4chelt. Doch Dart hat sich mittlerweile auch in Deutschland als attraktive, anerkannte Sportart durchgesetzt. So auch beim SV Teutonia Steinheim 1927 e.V. Im Mai 2009 trafen sich ein paar Dartfreunde im Sportheim, um ein wenig zu werfen. Schnell machte es die Runde und es fanden &hellip; <\/p>\n<p class=\"link-more\"><a href=\"https:\/\/unser-steinheim.de\/home\/dartgruppe-des-sv-steinheim\" class=\"more-link\"><span class=\"screen-reader-text\">\u201eDartgruppe des SV Steinheim\u201c<\/span> weiterlesen<\/a><\/p>\n","protected":false},"author":1,"featured_media":0,"parent":0,"menu_order":0,"comment_status":"closed","ping_status":"closed","template":"","meta":{"footnotes":""},"class_list":["post-673","page","type-page","status-publish","hentry"],"_links":{"self":[{"href":"https:\/\/unser-steinheim.de\/home\/wp-json\/wp\/v2\/pages\/673","targetHints":{"allow":["GET"]}}],"collection":[{"href":"https:\/\/unser-steinheim.de\/home\/wp-json\/wp\/v2\/pages"}],"about":[{"href":"https:\/\/unser-steinheim.de\/home\/wp-json\/wp\/v2\/types\/page"}],"author":[{"embeddable":true,"href":"https:\/\/unser-steinheim.de\/home\/wp-json\/wp\/v2\/users\/1"}],"replies":[{"embeddable":true,"href":"https:\/\/unser-steinheim.de\/home\/wp-json\/wp\/v2\/comments?post=673"}],"version-history":[{"count":4,"href":"https:\/\/unser-steinheim.de\/home\/wp-json\/wp\/v2\/pages\/673\/revisions"}],"predecessor-version":[{"id":1478,"href":"https:\/\/unser-steinheim.de\/home\/wp-json\/wp\/v2\/pages\/673\/revisions\/1478"}],"wp:attachment":[{"href":"https:\/\/unser-steinheim.de\/home\/wp-json\/wp\/v2\/media?parent=673"}],"curies":[{"name":"wp","href":"https:\/\/api.w.org\/{rel}","templated":true}]}}