{"id":681,"date":"2017-08-08T18:16:58","date_gmt":"2017-08-08T18:16:58","guid":{"rendered":"http:\/\/unser-steinheim.de\/home\/?page_id=681"},"modified":"2017-08-09T07:53:19","modified_gmt":"2017-08-09T07:53:19","slug":"die-tanzgruppen-des-sv-steinheim","status":"publish","type":"page","link":"https:\/\/unser-steinheim.de\/home\/die-tanzgruppen-des-sv-steinheim","title":{"rendered":"Die Tanzgruppen des SV Steinheim"},"content":{"rendered":"<p><img loading=\"lazy\" decoding=\"async\" class=\"alignleft size-full wp-image-693\" src=\"http:\/\/unser-steinheim.de\/wp-content\/uploads\/ballons.jpg\" alt=\"\" width=\"700\" height=\"267\" srcset=\"https:\/\/unser-steinheim.de\/wp-content\/uploads\/ballons.jpg 700w, https:\/\/unser-steinheim.de\/wp-content\/uploads\/ballons-300x114.jpg 300w\" sizes=\"auto, (max-width: 700px) 100vw, 700px\" \/><\/p>\n<p>&nbsp;<\/p>\n<p>&nbsp;<\/p>\n<p>&nbsp;<\/p>\n<p>&nbsp;<\/p>\n<p>&nbsp;<\/p>\n<h1><strong>Jumpies<br \/>\n<\/strong><\/h1>\n<p><img loading=\"lazy\" decoding=\"async\" class=\"alignleft size-full wp-image-692\" src=\"http:\/\/unser-steinheim.de\/wp-content\/uploads\/Jumpies_2017.jpg\" alt=\"\" width=\"300\" height=\"216\" \/><\/p>\n<p>Die j\u00fcngste Tanzgruppe des Sportvereins wurde 2011 als Spiel- und Bewegungsgruppe von Michaela Ruppel und Rebecca Roch gegr\u00fcndet. Damals stand die spielerische und motorische Entwicklung im Vordergrund. Im Februar 2013 bekam die Gruppe den Namen &#8222;Jumpies&#8220; und wurde zur Tanzgruppe unter der Leitung von Nicole Siegl.<\/p>\n<p>Mit Spa\u00df lernen die Kinder Tanzelemente und Bewegungsabl\u00e4ufe, die zu einem kleinen Tanz zusammengestellt werden. J\u00e4hrlich pr\u00e4sentieren sie dies mit 10 Auftritten. Trainiert wird mittwochs um 17 Uhr im Sportheim Steinheim.<\/p>\n<p>Es tanzen 9 M\u00e4dchen im Alter zwischen 6 \u2013 10 Jahren: Joline Irle, Jolien Schorer, Julia Hofmann, Lara H\u00fchn, Melina Schuldt, Zsofia Henning, Jule Kraft, Amelie Weil, Angelina Irle.<\/p>\n<p><strong>Neue T\u00e4nzerinnen sind jederzeit willkommen<br \/>\n<\/strong>Ansprechpartner: Nicole Siegl (0173 \/ 307 33 51)<\/p>\n<p>&nbsp;<\/p>\n<h1><strong>Carambas<\/strong><\/h1>\n<p><iframe loading=\"lazy\" src=\"https:\/\/www.youtube.com\/embed\/KDi-T2wVmkY?rel=0\" width=\"560\" height=\"315\" frameborder=\"0\" allowfullscreen=\"allowfullscreen\"><\/iframe><\/p>\n<p>&nbsp;<\/p>\n<p>Die ersten M\u00e4dchen der Gruppe fanden sich bereits in der Krabbelgruppe 2005 \u2013 2007 unter der Leitung von Nicole Siegl zusammen. Im M\u00e4rz 2008 wurde die Krabbelgruppe f\u00fcr Kinder im Alter zwischen 3 \u2013 6 Jahren zur Tanzgruppe Carambas unter der Leitung von Nicole Siegl.<\/p>\n<p><img loading=\"lazy\" decoding=\"async\" class=\"alignleft size-full wp-image-694\" src=\"http:\/\/unser-steinheim.de\/wp-content\/uploads\/Carambas_2008.jpg\" alt=\"\" width=\"210\" height=\"152\" \/><\/p>\n<p>&nbsp;<\/p>\n<p>&nbsp;<\/p>\n<p>&nbsp;<\/p>\n<p>&nbsp;<\/p>\n<p>(2008)<\/p>\n<p>&nbsp;<\/p>\n<p><img loading=\"lazy\" decoding=\"async\" class=\"alignleft size-full wp-image-695\" src=\"http:\/\/unser-steinheim.de\/wp-content\/uploads\/Carambas_2011.jpg\" alt=\"\" width=\"210\" height=\"181\" \/><\/p>\n<p>&nbsp;<\/p>\n<p>&nbsp;<\/p>\n<p>&nbsp;<\/p>\n<p>&nbsp;<\/p>\n<p>(2001)<\/p>\n<p>Aus den anf\u00e4nglichen kleinen T\u00e4nzerinnen, sind mittlerweile junge M\u00e4dchen geworden. Das Alter der Gruppe liegt momentan zwischen 10 \u2013 15 Jahren.<\/p>\n<p><strong>J\u00e4hrlich fast 20 Auftritte<\/strong><\/p>\n<p><img loading=\"lazy\" decoding=\"async\" class=\"alignleft size-full wp-image-696\" src=\"http:\/\/unser-steinheim.de\/wp-content\/uploads\/Carambas_2017.jpg\" alt=\"\" width=\"300\" height=\"222\" \/><\/p>\n<p>Sie studieren heute attraktive Choreografien ein und pr\u00e4sentieren sich auf unterschiedlichen Veranstaltungen wie beispielsweise Showtanznachmittagen. J\u00e4hrlich stehen fast 20 Auftritte auf dem Programm. Trainiert werden sie von Nicole Siegl.<\/p>\n<p><strong>Das Training<\/strong> findet jeden Mittwoch um 18 Uhr im Sportheim Steinheim statt.<\/p>\n<p>Einmal j\u00e4hrlich findet ein Trainingswochenende mit einem Gruppenausflug statt. Aktuell besteht die Gruppe aus 13 M\u00e4dchen und einem Jungen: Nelly Siegl, Stella Siegl, Georgia Amihere, Julia Appel, Hannah Haase, Celina Irle, Viktoria Kubicki, Lena Petermann, Hannah Reeb, Mia Schemat, Carolin Schwalb, Saskja Hilscher, Lena Vogel, Nick\u2013Leon M\u00fcller.<\/p>\n<p><strong>Neue T\u00e4nzerinnen sind jederzeit willkommen.<\/strong><\/p>\n<p>Im Rahmen des 90j\u00e4hrigen Jubil\u00e4ums veranstaltet der Verein einen Showtanzabend am 9. September 2017.<\/p>\n<p><img loading=\"lazy\" decoding=\"async\" class=\"alignleft size-full wp-image-697\" src=\"http:\/\/unser-steinheim.de\/wp-content\/uploads\/Showtanzabend.gif\" alt=\"\" width=\"400\" height=\"519\" \/><\/p>\n<p>&nbsp;<\/p>\n","protected":false},"excerpt":{"rendered":"<p>&nbsp; &nbsp; &nbsp; &nbsp; &nbsp; Jumpies Die j\u00fcngste Tanzgruppe des Sportvereins wurde 2011 als Spiel- und Bewegungsgruppe von Michaela Ruppel und Rebecca Roch gegr\u00fcndet. Damals stand die spielerische und motorische Entwicklung im Vordergrund. Im Februar 2013 bekam die Gruppe den Namen &#8222;Jumpies&#8220; und wurde zur Tanzgruppe unter der Leitung von Nicole Siegl. Mit Spa\u00df lernen &hellip; <\/p>\n<p class=\"link-more\"><a href=\"https:\/\/unser-steinheim.de\/home\/die-tanzgruppen-des-sv-steinheim\" class=\"more-link\"><span class=\"screen-reader-text\">\u201eDie Tanzgruppen des SV Steinheim\u201c<\/span> weiterlesen<\/a><\/p>\n","protected":false},"author":1,"featured_media":0,"parent":0,"menu_order":0,"comment_status":"closed","ping_status":"closed","template":"","meta":{"footnotes":""},"class_list":["post-681","page","type-page","status-publish","hentry"],"_links":{"self":[{"href":"https:\/\/unser-steinheim.de\/home\/wp-json\/wp\/v2\/pages\/681","targetHints":{"allow":["GET"]}}],"collection":[{"href":"https:\/\/unser-steinheim.de\/home\/wp-json\/wp\/v2\/pages"}],"about":[{"href":"https:\/\/unser-steinheim.de\/home\/wp-json\/wp\/v2\/types\/page"}],"author":[{"embeddable":true,"href":"https:\/\/unser-steinheim.de\/home\/wp-json\/wp\/v2\/users\/1"}],"replies":[{"embeddable":true,"href":"https:\/\/unser-steinheim.de\/home\/wp-json\/wp\/v2\/comments?post=681"}],"version-history":[{"count":3,"href":"https:\/\/unser-steinheim.de\/home\/wp-json\/wp\/v2\/pages\/681\/revisions"}],"predecessor-version":[{"id":706,"href":"https:\/\/unser-steinheim.de\/home\/wp-json\/wp\/v2\/pages\/681\/revisions\/706"}],"wp:attachment":[{"href":"https:\/\/unser-steinheim.de\/home\/wp-json\/wp\/v2\/media?parent=681"}],"curies":[{"name":"wp","href":"https:\/\/api.w.org\/{rel}","templated":true}]}}