{"id":783,"date":"2017-10-28T16:20:50","date_gmt":"2017-10-28T16:20:50","guid":{"rendered":"http:\/\/unser-steinheim.de\/home\/?page_id=783"},"modified":"2017-10-30T16:31:56","modified_gmt":"2017-10-30T16:31:56","slug":"hausbau-kuehnel-198485","status":"publish","type":"page","link":"https:\/\/unser-steinheim.de\/home\/hausbau-kuehnel-198485","title":{"rendered":"Hausbau K\u00fchnel 1984\/85"},"content":{"rendered":"<p>Durch Anklicken eines Vorschau-Bildes geht es zur gro\u00dfen Darstellung der Fotos. Per Mausklick (oder Pfeil-rechts-Taste) zum n\u00e4chsten Bild. Zur\u00fcck zur \u00dcbersicht mit der ESC-Taste (Escape) oder das kleine &#8222;x&#8220; rechts oben anklicken. Zu jedem Foto kann ein Kommentar hinterlassen werden.<br \/>\n<\/p>\n","protected":false},"excerpt":{"rendered":"<p>Durch Anklicken eines Vorschau-Bildes geht es zur gro\u00dfen Darstellung der Fotos. Per Mausklick (oder Pfeil-rechts-Taste) zum n\u00e4chsten Bild. Zur\u00fcck zur \u00dcbersicht mit der ESC-Taste (Escape) oder das kleine &#8222;x&#8220; rechts oben anklicken. Zu jedem Foto kann ein Kommentar hinterlassen werden.<\/p>\n","protected":false},"author":1,"featured_media":0,"parent":0,"menu_order":0,"comment_status":"closed","ping_status":"closed","template":"","meta":{"footnotes":""},"class_list":["post-783","page","type-page","status-publish","hentry"],"_links":{"self":[{"href":"https:\/\/unser-steinheim.de\/home\/wp-json\/wp\/v2\/pages\/783","targetHints":{"allow":["GET"]}}],"collection":[{"href":"https:\/\/unser-steinheim.de\/home\/wp-json\/wp\/v2\/pages"}],"about":[{"href":"https:\/\/unser-steinheim.de\/home\/wp-json\/wp\/v2\/types\/page"}],"author":[{"embeddable":true,"href":"https:\/\/unser-steinheim.de\/home\/wp-json\/wp\/v2\/users\/1"}],"replies":[{"embeddable":true,"href":"https:\/\/unser-steinheim.de\/home\/wp-json\/wp\/v2\/comments?post=783"}],"version-history":[{"count":2,"href":"https:\/\/unser-steinheim.de\/home\/wp-json\/wp\/v2\/pages\/783\/revisions"}],"predecessor-version":[{"id":799,"href":"https:\/\/unser-steinheim.de\/home\/wp-json\/wp\/v2\/pages\/783\/revisions\/799"}],"wp:attachment":[{"href":"https:\/\/unser-steinheim.de\/home\/wp-json\/wp\/v2\/media?parent=783"}],"curies":[{"name":"wp","href":"https:\/\/api.w.org\/{rel}","templated":true}]}}