{"id":842,"date":"2018-01-17T18:56:12","date_gmt":"2018-01-17T18:56:12","guid":{"rendered":"http:\/\/unser-steinheim.de\/home\/?page_id=842"},"modified":"2020-10-20T09:15:44","modified_gmt":"2020-10-20T09:15:44","slug":"842-2","status":"publish","type":"page","link":"https:\/\/unser-steinheim.de\/home\/842-2","title":{"rendered":"Schul-Chronik (Schrift von 1918)"},"content":{"rendered":"\n<figure class=\"wp-block-embed-youtube wp-block-embed is-type-video is-provider-youtube wp-embed-aspect-16-9 wp-has-aspect-ratio\"><div class=\"wp-block-embed__wrapper\">\n<div class=\"epyt-video-wrapper\"><div  id=\"_ytid_87372\"  width=\"525\" height=\"295\"  data-origwidth=\"525\" data-origheight=\"295\"  data-relstop=\"1\" data-facadesrc=\"https:\/\/www.youtube.com\/embed\/JcQ-kMlgipw?enablejsapi=1&#038;autoplay=0&#038;cc_load_policy=0&#038;cc_lang_pref=&#038;iv_load_policy=3&#038;loop=0&#038;rel=0&#038;fs=1&#038;playsinline=0&#038;autohide=2&#038;theme=dark&#038;color=red&#038;controls=1&#038;\" class=\"__youtube_prefs__ epyt-facade epyt-is-override  no-lazyload\" data-epautoplay=\"1\" ><img decoding=\"async\" data-spai-excluded=\"true\" class=\"epyt-facade-poster skip-lazy\" loading=\"lazy\"  alt=\"YouTube player\"  src=\"https:\/\/i.ytimg.com\/vi\/JcQ-kMlgipw\/maxresdefault.jpg\"  \/><button class=\"epyt-facade-play\" aria-label=\"Play\"><svg data-no-lazy=\"1\" height=\"100%\" version=\"1.1\" viewBox=\"0 0 68 48\" width=\"100%\"><path class=\"ytp-large-play-button-bg\" d=\"M66.52,7.74c-0.78-2.93-2.49-5.41-5.42-6.19C55.79,.13,34,0,34,0S12.21,.13,6.9,1.55 C3.97,2.33,2.27,4.81,1.48,7.74C0.06,13.05,0,24,0,24s0.06,10.95,1.48,16.26c0.78,2.93,2.49,5.41,5.42,6.19 C12.21,47.87,34,48,34,48s21.79-0.13,27.1-1.55c2.93-0.78,4.64-3.26,5.42-6.19C67.94,34.95,68,24,68,24S67.94,13.05,66.52,7.74z\" fill=\"#f00\"><\/path><path d=\"M 45,24 27,14 27,34\" fill=\"#fff\"><\/path><\/svg><\/button><\/div><\/div>\n<\/div><\/figure>\n\n\n\n<h3 class=\"wp-block-heading\"><strong>Die Schulchronik in der \u00dcbertragung von Gunter Schmidt als PDF zum Download<\/strong><\/h3>\n\n\n<p><a href=\"http:\/\/unser-steinheim.de\/wp-content\/uploads\/Schul-Chronik_Steinheims.pdf\">http:\/\/unser-steinheim.de\/wp-content\/uploads\/Schul-Chronik_Steinheims.pdf<\/a><\/p>\n<p>\u00a0<\/p>\n<p><img loading=\"lazy\" decoding=\"async\" class=\"alignleft wp-image-851\" src=\"http:\/\/unser-steinheim.de\/wp-content\/uploads\/Schulchronik_Seite-i-662x1024.jpg\" alt=\"\" width=\"400\" height=\"619\" srcset=\"https:\/\/unser-steinheim.de\/wp-content\/uploads\/Schulchronik_Seite-i-662x1024.jpg 662w, https:\/\/unser-steinheim.de\/wp-content\/uploads\/Schulchronik_Seite-i-194x300.jpg 194w, https:\/\/unser-steinheim.de\/wp-content\/uploads\/Schulchronik_Seite-i.jpg 1417w\" sizes=\"auto, (max-width: 400px) 100vw, 400px\" \/><\/p>\n<p>\u00a0<\/p>\n<p>Die <strong>Schulchronik Steinheims<\/strong> wird im Stadtarchiv der Stadt Hungen verwahrt.<br \/>Sie umfasst die Jahre 1787 &#8211; 1930 und beschreibt unter anderem die drei verschiedenen Geb\u00e4ude, in denen die Steinheimer Schule untergebracht war.<\/p>\n<p>Da diese Chronik handschriftlich in <a href=\"https:\/\/de.wikipedia.org\/wiki\/S%C3%BCtterlinschrift\" target=\"_blank\" rel=\"noopener noreferrer\">S\u00fctterlinschrift<\/a> verfasst wurde, hat Gunter Schmidt (Steinheim) diese alten Dokumente fotografiert und in unsere gegenw\u00e4rtige Schrift \u00fcbertragen.<\/p>\n<p>\u00a0<\/p>\n<p>Teilweise sind Fotos eingeklebt.<br \/>Diese Seite zeigt die drei Standorte in Steinheim von 1787, von 1845-1847 und ab 1913 (im jetzigen B\u00fcrgerhaus).<\/p>\n<p><img loading=\"lazy\" decoding=\"async\" class=\"alignleft size-full wp-image-854\" src=\"http:\/\/unser-steinheim.de\/wp-content\/uploads\/Schulchronik_Seite-ii.jpg\" alt=\"\" width=\"500\" height=\"790\" srcset=\"https:\/\/unser-steinheim.de\/wp-content\/uploads\/Schulchronik_Seite-ii.jpg 500w, https:\/\/unser-steinheim.de\/wp-content\/uploads\/Schulchronik_Seite-ii-190x300.jpg 190w\" sizes=\"auto, (max-width: 500px) 100vw, 500px\" \/><\/p>\n<p>\u00a0<\/p>\n<figure id=\"attachment_856\" aria-describedby=\"caption-attachment-856\" style=\"width: 500px\" class=\"wp-caption alignleft\"><img loading=\"lazy\" decoding=\"async\" class=\"wp-image-856 size-full\" src=\"http:\/\/unser-steinheim.de\/wp-content\/uploads\/Schulchronik_Seite-01-Ausschnitt-500.jpg\" alt=\"\" width=\"500\" height=\"323\" srcset=\"https:\/\/unser-steinheim.de\/wp-content\/uploads\/Schulchronik_Seite-01-Ausschnitt-500.jpg 500w, https:\/\/unser-steinheim.de\/wp-content\/uploads\/Schulchronik_Seite-01-Ausschnitt-500-300x194.jpg 300w\" sizes=\"auto, (max-width: 500px) 100vw, 500px\" \/><figcaption id=\"caption-attachment-856\" class=\"wp-caption-text\">Einleitung (Ausschnitt) in S\u00fctterlinschrift<\/figcaption><\/figure>\n<p>\u00a0<\/p>\n<p>\u00a0<\/p>\n<table width=\"990\">\n<tbody>\n<tr>\n<td width=\"495\">\u00a0<img loading=\"lazy\" decoding=\"async\" class=\"alignleft size-full wp-image-853\" src=\"http:\/\/unser-steinheim.de\/wp-content\/uploads\/Schulchronik_Seite-01.jpg\" alt=\"\" width=\"500\" height=\"798\" srcset=\"https:\/\/unser-steinheim.de\/wp-content\/uploads\/Schulchronik_Seite-01.jpg 500w, https:\/\/unser-steinheim.de\/wp-content\/uploads\/Schulchronik_Seite-01-188x300.jpg 188w\" sizes=\"auto, (max-width: 500px) 100vw, 500px\" \/><\/td>\n<td width=\"495\"><u>Einleitung<\/u>\n<p>\u00a0<\/p>\n<p>Nicht auf beh\u00f6rdliche Verf\u00fcgungen hin, sondern bestrebt, die ganze Kraft meines Lebens in den Dienst der Schule u. Volksbildung zu stellen, veranlassten mich, eine Zeitgeschichte der Schule unseres Dorfes abzufassen. Soweit n\u00f6tig wird dabei auch die Geschichte unserer Heimat mit einbegriffen werden m\u00fcssen.<\/p>\n<p>Leider habe ich an meinen fr\u00fcheren Amtsstellen in Staufenberg u. Eckartshausen eine derartige Schulgeschichte nirgends vorgefunden. H\u00f6chstens aus den d\u00fcrftig vorhandenen Gemeindeakten konnte man m\u00fchsam die einzelnen Entwicklungsstufen der Schule und des Lehrerstandes herausfinden, u. diese waren noch nicht jedermann zug\u00e4ngig.<\/p>\n<p>Es w\u00e4re mein Wunsch, jede Schule m\u00f6chte in den Besitz einer solchen Schulgeschichte gelangen.<\/p>\n<\/td>\n<\/tr>\n<tr>\n<td>\u00a0<\/td>\n<td>\u00a0<\/td>\n<\/tr>\n<tr>\n<td>\u00a0<img loading=\"lazy\" decoding=\"async\" class=\"alignleft size-full wp-image-859\" src=\"http:\/\/unser-steinheim.de\/wp-content\/uploads\/Schulchronik_Seite-02.jpg\" alt=\"\" width=\"500\" height=\"803\" srcset=\"https:\/\/unser-steinheim.de\/wp-content\/uploads\/Schulchronik_Seite-02.jpg 500w, https:\/\/unser-steinheim.de\/wp-content\/uploads\/Schulchronik_Seite-02-187x300.jpg 187w\" sizes=\"auto, (max-width: 500px) 100vw, 500px\" \/><\/td>\n<td>Bis zum Jahr 1787 besuchten die Kinder von Steinheim die Schule zu Rodheim, wohin auch die Kinder von Rabertshausen gingen. Der erste Schullehrer zu Rodheim wird 1666 angef\u00fchrt. Er hie\u00df Johann Georg Pauli. Weiterhin wird im Jahr 1723 der Schullehrer Andreas Burk genannt. Der Lehrer, unter dem die Abtrennung der Schule Steinheim stattfand, hie\u00df Adolph Belzer.\n<p>\u00a0<\/p>\n<p>Nachstehend die Abschrift der Abtrennungs-Urkunde.<\/p>\n<p>P.P.<br \/>Nachdem die Anlegung einer eigenen Schule zu Steinheim u. deren Absonderung von der Rodheimer Schule h\u00f6chsten Orts auf erstatteten unterth\u00e4nigsten Bericht dergestalt genehmigt worden ist, da\u00df die Gemeinde Steinheim auf ihre Kosten ein eigenes Schulhaus, u. zwar von Steinen erbaut, wobei auf eine helle, ger\u00e4umige und hohe Schulstube haupts\u00e4chlich zu sehen ist, und zu welchem Ende derselben eine Collecti in den s\u00e4mtl. f\u00fcrstl. Landen extra ordinem verwilligt worden, da\u00df aber auch Gemeinde Steinheim ihrem neu anzustellenden Schullehrer j\u00e4hrl. abgebe<\/p>\n<p>a) Acht Achtel Corn<br \/>b) die gemeinen Alimente<br \/>c) den j\u00e4hrl. Nutzen von 3 St\u00fcck Ackerland u. 3 Feldern<br \/>d) von jedem Schulkind j\u00e4hrl 20 alb, wogegen<\/p>\n<p>\u00a0<\/p>\n<\/td>\n<\/tr>\n<tr>\n<td>\u00a0<\/td>\n<td>\u00a0<\/td>\n<\/tr>\n<tr>\n<td>\u00a0<\/td>\n<td>\u00a0<\/td>\n<\/tr>\n<tr>\n<td>\u00a0<\/td>\n<td>\u00a0<\/td>\n<\/tr>\n<tr>\n<td>\u00a0<\/td>\n<td>\u00a0<\/td>\n<\/tr>\n<tr>\n<td>\u00a0<\/td>\n<td>\u00a0<\/td>\n<\/tr>\n<tr>\n<td>\u00a0<\/td>\n<td>\u00a0<\/td>\n<\/tr>\n<tr>\n<td>\u00a0<\/td>\n<td>\u00a0<\/td>\n<\/tr>\n<tr>\n<td>\u00a0<\/td>\n<td>\u00a0<\/td>\n<\/tr>\n<tr>\n<td>\u00a0<\/td>\n<td>\u00a0<\/td>\n<\/tr>\n<tr>\n<td>\u00a0<\/td>\n<td>\u00a0<\/td>\n<\/tr>\n<tr>\n<td>\u00a0<\/td>\n<td>\u00a0<\/td>\n<\/tr>\n<tr>\n<td>\u00a0<\/td>\n<td>\u00a0<\/td>\n<\/tr>\n<tr>\n<td>\u00a0<\/td>\n<td>\u00a0<\/td>\n<\/tr>\n<tr>\n<td>\u00a0<\/td>\n<td>\u00a0<\/td>\n<\/tr>\n<tr>\n<td>\u00a0<\/td>\n<td>\u00a0<\/td>\n<\/tr>\n<tr>\n<td>\u00a0<\/td>\n<td>\u00a0<\/td>\n<\/tr>\n<tr>\n<td>\u00a0<\/td>\n<td>\u00a0<\/td>\n<\/tr>\n<tr>\n<td>\u00a0<\/td>\n<td>\u00a0<\/td>\n<\/tr>\n<tr>\n<td>\u00a0<\/td>\n<td>\u00a0<\/td>\n<\/tr>\n<tr>\n<td>\u00a0<\/td>\n<td>\u00a0<\/td>\n<\/tr>\n<\/tbody>\n<\/table>","protected":false},"excerpt":{"rendered":"<p>Die Schulchronik in der \u00dcbertragung von Gunter Schmidt als PDF zum Download http:\/\/unser-steinheim.de\/wp-content\/uploads\/Schul-Chronik_Steinheims.pdf \u00a0 \u00a0 Die Schulchronik Steinheims wird im Stadtarchiv der Stadt Hungen verwahrt.Sie umfasst die Jahre 1787 &#8211; 1930 und beschreibt unter anderem die drei verschiedenen Geb\u00e4ude, in denen die Steinheimer Schule untergebracht war. Da diese Chronik handschriftlich in S\u00fctterlinschrift verfasst wurde, hat &hellip; <\/p>\n<p class=\"link-more\"><a href=\"https:\/\/unser-steinheim.de\/home\/842-2\" class=\"more-link\"><span class=\"screen-reader-text\">\u201eSchul-Chronik (Schrift von 1918)\u201c<\/span> weiterlesen<\/a><\/p>\n","protected":false},"author":1,"featured_media":0,"parent":0,"menu_order":0,"comment_status":"closed","ping_status":"closed","template":"","meta":{"footnotes":""},"class_list":["post-842","page","type-page","status-publish","hentry"],"_links":{"self":[{"href":"https:\/\/unser-steinheim.de\/home\/wp-json\/wp\/v2\/pages\/842","targetHints":{"allow":["GET"]}}],"collection":[{"href":"https:\/\/unser-steinheim.de\/home\/wp-json\/wp\/v2\/pages"}],"about":[{"href":"https:\/\/unser-steinheim.de\/home\/wp-json\/wp\/v2\/types\/page"}],"author":[{"embeddable":true,"href":"https:\/\/unser-steinheim.de\/home\/wp-json\/wp\/v2\/users\/1"}],"replies":[{"embeddable":true,"href":"https:\/\/unser-steinheim.de\/home\/wp-json\/wp\/v2\/comments?post=842"}],"version-history":[{"count":23,"href":"https:\/\/unser-steinheim.de\/home\/wp-json\/wp\/v2\/pages\/842\/revisions"}],"predecessor-version":[{"id":1511,"href":"https:\/\/unser-steinheim.de\/home\/wp-json\/wp\/v2\/pages\/842\/revisions\/1511"}],"wp:attachment":[{"href":"https:\/\/unser-steinheim.de\/home\/wp-json\/wp\/v2\/media?parent=842"}],"curies":[{"name":"wp","href":"https:\/\/api.w.org\/{rel}","templated":true}]}}